{"id":583,"date":"2022-09-19T12:55:23","date_gmt":"2022-09-19T09:55:23","guid":{"rendered":"http:\/\/www.tp-49.fi\/?page_id=583"},"modified":"2025-10-26T11:59:19","modified_gmt":"2025-10-26T09:59:19","slug":"t2012-2015","status":"publish","type":"page","link":"https:\/\/www.tp-49.fi\/index.php\/joukkueet\/t2012-2015\/","title":{"rendered":"T2011-2013"},"content":{"rendered":"<div data-colibri-id=\"583-c1\" class=\"style-924 style-local-583-c1 position-relative\">\n  <!---->\n  <div data-colibri-component=\"section\" data-colibri-id=\"583-c2\" id=\"custom\" class=\"h-section h-section-global-spacing d-flex align-items-lg-center align-items-md-center align-items-center style-929 style-local-583-c2 position-relative\">\n    <!---->\n    <!---->\n    <div class=\"h-section-grid-container h-section-boxed-container\">\n      <!---->\n      <div data-colibri-id=\"583-c3\" class=\"h-row-container gutters-row-lg-2 gutters-row-md-2 gutters-row-0 gutters-row-v-lg-2 gutters-row-v-md-2 gutters-row-v-2 style-1308 style-local-583-c3 position-relative\">\n        <!---->\n        <div class=\"h-row justify-content-lg-center justify-content-md-center justify-content-center align-items-lg-stretch align-items-md-stretch align-items-stretch gutters-col-lg-2 gutters-col-md-2 gutters-col-0 gutters-col-v-lg-2 gutters-col-v-md-2 gutters-col-v-2\">\n          <!---->\n          <div class=\"h-column h-column-container d-flex h-col-lg-auto h-col-md-auto h-col-auto style-1309-outer style-local-583-c4-outer\">\n            <div data-colibri-id=\"583-c4\" class=\"d-flex h-flex-basis h-column__inner h-px-lg-2 h-px-md-2 h-px-2 v-inner-lg-2 v-inner-md-2 v-inner-2 style-1309 style-local-583-c4 position-relative\">\n              <!---->\n              <!---->\n              <div class=\"w-100 h-y-container h-column__content h-column__v-align flex-basis-100 align-self-lg-start align-self-md-start align-self-start\">\n                <!---->\n                <div data-colibri-id=\"583-c5\" class=\"d-block style-1262 style-local-583-c5 position-relative h-element\">\n                  <!---->\n                  <div class=\"h-image__frame-container-outer\">\n                    <div class=\"h-image__frame-container\">\n                      <!---->\n                      <!---->\n                      <img loading=\"lazy\" decoding=\"async\" width=\"2000\" height=\"1333\" src=\"https:\/\/www.tp-49.fi\/wp-content\/uploads\/2025\/10\/TP-49-T2011-2013-2025.jpg\" class=\"wp-image-4844 style-1262-image style-local-583-c5-image\" alt=\"TP-49 T2011-2013 2025 ryhm\u00e4kuva\" srcset=\"https:\/\/www.tp-49.fi\/wp-content\/uploads\/2025\/10\/TP-49-T2011-2013-2025.jpg 2000w, https:\/\/www.tp-49.fi\/wp-content\/uploads\/2025\/10\/TP-49-T2011-2013-2025-300x200.jpg 300w, https:\/\/www.tp-49.fi\/wp-content\/uploads\/2025\/10\/TP-49-T2011-2013-2025-1024x682.jpg 1024w, https:\/\/www.tp-49.fi\/wp-content\/uploads\/2025\/10\/TP-49-T2011-2013-2025-768x512.jpg 768w, https:\/\/www.tp-49.fi\/wp-content\/uploads\/2025\/10\/TP-49-T2011-2013-2025-1536x1024.jpg 1536w\" sizes=\"auto, (max-width: 2000px) 100vw, 2000px\" \/>\n                      <div class=\"h-image__frame h-hide-lg h-hide-md h-hide-sm style-1262-frameImage style-local-583-c5-frameImage\"><\/div>\n                    <\/div>\n                  <\/div>\n                <\/div>\n              <\/div>\n            <\/div>\n          <\/div>\n        <\/div>\n      <\/div>\n      <div data-colibri-id=\"583-c6\" class=\"h-row-container gutters-row-lg-2 gutters-row-md-2 gutters-row-0 gutters-row-v-lg-2 gutters-row-v-md-2 gutters-row-v-2 style-933 style-local-583-c6 position-relative\">\n        <!---->\n        <div class=\"h-row justify-content-lg-center justify-content-md-center justify-content-center align-items-lg-stretch align-items-md-stretch align-items-stretch gutters-col-lg-2 gutters-col-md-2 gutters-col-0 gutters-col-v-lg-2 gutters-col-v-md-2 gutters-col-v-2\">\n          <!---->\n          <div class=\"h-column h-column-container d-flex h-col-lg-auto h-col-md-auto h-col-auto style-934-outer style-local-583-c7-outer\">\n            <div data-colibri-id=\"583-c7\" class=\"d-flex h-flex-basis h-column__inner h-px-lg-2 h-px-md-2 h-px-2 v-inner-lg-2 v-inner-md-2 v-inner-2 style-934 style-local-583-c7 position-relative\">\n              <!---->\n              <!---->\n              <div class=\"w-100 h-y-container h-column__content h-column__v-align flex-basis-100 align-self-lg-start align-self-md-start align-self-start\">\n                <!---->\n                <div data-colibri-id=\"583-c8\" class=\"h-text h-text-component style-1263 style-local-583-c8 position-relative h-element\">\n                  <!---->\n                  <!---->\n                  <div class=\"\">\n                    <p>Harjoittelemme kolme kertaa viikossa Toijalan TP-49 Areenalla sek\u00e4 Viialassa tekonurmikent\u00e4ll\u00e4. Pelaamme t\u00e4ll\u00e4 kaudella kolmella joukkueella Palloliiton l\u00e4ntisen alueen sarjoissa.<\/p>\n                    <p>Sarjapelien lis\u00e4ksi osallistumme aktiivisesti erillisiin turnauksiin kauden aikana. Talvisin harjoittelemme futsalia sis\u00e4tiloissa Akaa Areenalla sek\u00e4 Toijalan Monitoimihallilla.<\/p>\n                    <p>Talvikaudella pelaamme v\u00e4hint\u00e4\u00e4n kahdella joukkueella ja osallistumme Palloliiton l\u00e4ntisen alueen futsalsarjoihin.<\/p>\n                    <p>Joukkueessamme on t\u00e4ll\u00e4 hetkell\u00e4 26 pelaajaa. Toivotamme uudet pelaajat tervetulleeksi joukkueeseemme, jotta voimme tarjota kaikille sopivan tasoista toimintaa.<\/p>\n                    <p>My\u00f6s aikuiset ovat tervetulleita mukaan toimihenkil\u00f6porukkaamme sek\u00e4 kannatusjoukkoihin!\n                      <br>\n                    <\/p>\n                  <\/div>\n                <\/div>\n              <\/div>\n            <\/div>\n          <\/div>\n        <\/div>\n      <\/div>\n      <div data-colibri-id=\"583-c9\" class=\"h-row-container gutters-row-lg-2 gutters-row-md-2 gutters-row-0 gutters-row-v-lg-2 gutters-row-v-md-2 gutters-row-v-2 style-1380 style-local-583-c9 position-relative\">\n        <!---->\n        <div class=\"h-row justify-content-lg-center justify-content-md-center justify-content-center align-items-lg-stretch align-items-md-stretch align-items-stretch gutters-col-lg-2 gutters-col-md-2 gutters-col-0 gutters-col-v-lg-2 gutters-col-v-md-2 gutters-col-v-2\">\n          <!---->\n          <div class=\"h-column h-column-container d-flex h-col-lg-auto h-col-md-auto h-col-auto style-1381-outer style-local-583-c10-outer\">\n            <div data-colibri-id=\"583-c10\" class=\"d-flex h-flex-basis h-column__inner h-px-lg-2 h-px-md-2 h-px-2 v-inner-lg-2 v-inner-md-2 v-inner-2 style-1381 style-local-583-c10 position-relative\">\n              <!---->\n              <!---->\n              <div class=\"w-100 h-y-container h-column__content h-column__v-align flex-basis-100 align-self-lg-start align-self-md-start align-self-start\">\n                <!---->\n                <div data-colibri-id=\"583-c11\" class=\"h-text h-text-component style-1382 style-local-583-c11 position-relative h-element\">\n                  <!---->\n                  <!---->\n                  <div class=\"\">\n                    <p><strong>Joukkueenjohtaja<\/strong>\n                      <br>Susanna Kilpinen\n                      <br><span style=\"font-weight: 400; font-size: 16px; font-family: &quot;Open Sans&quot;; color: rgb(83, 64, 64);\">WhatsApp\/050 411 1843<\/span>\n                      <br>susanna.minttu@gmail.com,&nbsp;<\/p>\n                    <p><strong>Vastuuvalmentaja<\/strong>\n                      <br>Pasi Lammi\n                      <br>050 087 1085<\/p>\n                    <p><strong>Valmentaja<\/strong>\n                      <br>Atte Pohjonen\n                      <br>Karita Ranua\n                      <br>Tuomo Sm\u00e5tt (estynyt toistaiseksi)\n                      <br>\n                    <\/p>\n                    <p><strong>Huoltaja<\/strong>\n                      <br>Kai Anttila<\/p>\n                    <p><strong>Rahastonhoitaja<\/strong>\n                      <br>Noora Lammi<\/p>\n                    <p><strong>Varustevastaava<\/strong>\n                      <br>Laura Kaukoj\u00e4rvi<\/p>\n                    <p><strong>Kioskivastaava<\/strong>\n                      <br><span style=\"font-weight: 400; font-size: 16px; font-family: &quot;Open Sans&quot;; color: rgb(83, 64, 64);\">Lotta L\u00f6flund viel\u00e4 toistaiseksi &#8211; jatkajaa ei<\/span>&nbsp;26.10.2025 ole valittu.&nbsp;\n                      <br>\n                      <br>\n                    <\/p>\n                  <\/div>\n                <\/div>\n              <\/div>\n            <\/div>\n          <\/div>\n        <\/div>\n      <\/div>\n      <div data-colibri-id=\"583-c12\" class=\"h-row-container gutters-row-lg-2 gutters-row-md-2 gutters-row-0 gutters-row-v-lg-2 gutters-row-v-md-2 gutters-row-v-2 style-1310 style-local-583-c12 position-relative\">\n        <!---->\n        <div class=\"h-row justify-content-lg-center justify-content-md-center justify-content-center align-items-lg-stretch align-items-md-stretch align-items-stretch gutters-col-lg-2 gutters-col-md-2 gutters-col-0 gutters-col-v-lg-2 gutters-col-v-md-2 gutters-col-v-2\">\n          <!---->\n          <div class=\"h-column h-column-container d-flex h-col-lg-auto h-col-md-auto h-col-auto style-1311-outer style-local-583-c13-outer\">\n            <div data-colibri-id=\"583-c13\" class=\"d-flex h-flex-basis h-column__inner h-px-lg-2 h-px-md-2 h-px-2 v-inner-lg-2 v-inner-md-2 v-inner-2 style-1311 style-local-583-c13 position-relative\">\n              <!---->\n              <!---->\n              <div class=\"w-100 h-y-container h-column__content h-column__v-align flex-basis-100 align-self-lg-start align-self-md-start align-self-start\">\n                <!---->\n                <div data-colibri-id=\"583-c14\" class=\"style-1329 style-local-583-c14 position-relative h-element\">\n                  <!---->\n                  <div class=\"\"><!-- myClub embed JS - start -->\r\n<div class=\"myclub-embed\" data-url=\"https:\/\/toijalanpallo49.myclub.fi\/groups\/40888\/event_embeds\/37181?token=4a7d1af1b66a981f4ac6f49a34b24888892cf3b7\"><\/div>\r\n<script>(function(d, s, id) { var js, mjs = d.getElementsByTagName(s)[0]; if (d.getElementById(id)) return; js = d.createElement(s); js.id = id; js.async = true; js.src = \"https:\/\/d2ubdm6yoox6gh.cloudfront.net\/assets\/myclub-embed.js\"; mjs.parentNode.insertBefore(js, mjs); }(document, 'script', 'myclub-embed-js'));<\/script>\r\n<!-- myClub embed JS - end -->\r\n<\/div>\n                <\/div>\n                <div data-colibri-id=\"583-c15\" class=\"style-1312 style-local-583-c15 position-relative h-element\">\n                  <!---->\n                  <div class=\"\"><iframe loading=\"lazy\" src=\"https:\/\/www.instagram.com\/tp49_tytot2013\/embed\" width=\"340\" height=\"500\" style=\"border:none;overflow:hidden\" scrolling=\"no\" frameborder=\"0\" allowfullscreen=\"true\" allow=\"autoplay; clipboard-write; encrypted-media; picture-in-picture; web-share\"><\/iframe><\/div>\n                <\/div>\n              <\/div>\n            <\/div>\n          <\/div>\n        <\/div>\n      <\/div>\n    <\/div>\n  <\/div>\n<\/div>","protected":false},"excerpt":{"rendered":"<p>Harjoittelemme kolme kertaa viikossa Toijalan TP-49 Areenalla sek\u00e4 Viialassa tekonurmikent\u00e4ll\u00e4. Pelaamme t\u00e4ll\u00e4 kaudella kolmella joukkueella Palloliiton l\u00e4ntisen alueen sarjoissa. Sarjapelien lis\u00e4ksi osallistumme aktiivisesti erillisiin turnauksiin kauden aikana. Talvisin harjoittelemme futsalia sis\u00e4tiloissa Akaa Areenalla sek\u00e4 Toijalan Monitoimihallilla. Talvikaudella pelaamme v\u00e4hint\u00e4\u00e4n kahdella joukkueella ja osallistumme Palloliiton l\u00e4ntisen alueen futsalsarjoihin. Joukkueessamme on t\u00e4ll\u00e4 hetkell\u00e4 26 pelaajaa. Toivotamme uudet [&hellip;]<\/p>\n","protected":false},"author":10,"featured_media":0,"parent":498,"menu_order":0,"comment_status":"closed","ping_status":"closed","template":"page-templates\/full-width-page.php","meta":{"ngg_post_thumbnail":0,"footnotes":""},"class_list":["post-583","page","type-page","status-publish","hentry"],"_links":{"self":[{"href":"https:\/\/www.tp-49.fi\/index.php\/wp-json\/wp\/v2\/pages\/583","targetHints":{"allow":["GET"]}}],"collection":[{"href":"https:\/\/www.tp-49.fi\/index.php\/wp-json\/wp\/v2\/pages"}],"about":[{"href":"https:\/\/www.tp-49.fi\/index.php\/wp-json\/wp\/v2\/types\/page"}],"author":[{"embeddable":true,"href":"https:\/\/www.tp-49.fi\/index.php\/wp-json\/wp\/v2\/users\/10"}],"replies":[{"embeddable":true,"href":"https:\/\/www.tp-49.fi\/index.php\/wp-json\/wp\/v2\/comments?post=583"}],"version-history":[{"count":20,"href":"https:\/\/www.tp-49.fi\/index.php\/wp-json\/wp\/v2\/pages\/583\/revisions"}],"predecessor-version":[{"id":5520,"href":"https:\/\/www.tp-49.fi\/index.php\/wp-json\/wp\/v2\/pages\/583\/revisions\/5520"}],"up":[{"embeddable":true,"href":"https:\/\/www.tp-49.fi\/index.php\/wp-json\/wp\/v2\/pages\/498"}],"wp:attachment":[{"href":"https:\/\/www.tp-49.fi\/index.php\/wp-json\/wp\/v2\/media?parent=583"}],"curies":[{"name":"wp","href":"https:\/\/api.w.org\/{rel}","templated":true}]}}