{"id":573,"date":"2021-09-14T12:53:46","date_gmt":"2021-09-14T09:53:46","guid":{"rendered":"http:\/\/www.tp-49.fi\/?page_id=573"},"modified":"2025-10-12T11:16:06","modified_gmt":"2025-10-12T08:16:06","slug":"p2011","status":"publish","type":"page","link":"https:\/\/www.tp-49.fi\/index.php\/joukkueet\/p2011\/","title":{"rendered":"P2010-P2011"},"content":{"rendered":"<div data-colibri-id=\"573-c1\" class=\"style-397 style-local-573-c1 position-relative\">\n  <!---->\n  <div data-colibri-component=\"section\" data-colibri-id=\"573-c2\" id=\"custom\" class=\"h-section h-section-global-spacing d-flex align-items-lg-center align-items-md-center align-items-center style-398 style-local-573-c2 position-relative\">\n    <!---->\n    <!---->\n    <div class=\"h-section-grid-container h-section-boxed-container\">\n      <!---->\n      <div data-colibri-id=\"573-c3\" class=\"h-row-container gutters-row-lg-2 gutters-row-md-2 gutters-row-0 gutters-row-v-lg-2 gutters-row-v-md-2 gutters-row-v-2 style-401 style-local-573-c3 position-relative\">\n        <!---->\n        <div class=\"h-row justify-content-lg-center justify-content-md-center justify-content-center align-items-lg-stretch align-items-md-stretch align-items-stretch gutters-col-lg-2 gutters-col-md-2 gutters-col-0 gutters-col-v-lg-2 gutters-col-v-md-2 gutters-col-v-2\">\n          <!---->\n          <div class=\"h-column h-column-container d-flex h-col-lg-auto h-col-md-auto h-col-auto style-402-outer style-local-573-c4-outer\">\n            <div data-colibri-id=\"573-c4\" class=\"d-flex h-flex-basis h-column__inner h-px-lg-2 h-px-md-2 h-px-2 v-inner-lg-2 v-inner-md-2 v-inner-2 style-402 style-local-573-c4 position-relative\">\n              <!---->\n              <!---->\n              <div class=\"w-100 h-y-container h-column__content h-column__v-align flex-basis-100 align-self-lg-start align-self-md-start align-self-start\">\n                <!---->\n                <div data-colibri-id=\"573-c5\" class=\"d-block style-403 style-local-573-c5 position-relative h-element\">\n                  <!---->\n                  <div class=\"h-image__frame-container-outer\">\n                    <div class=\"h-image__frame-container\">\n                      <!---->\n                      <!---->\n                      <img loading=\"lazy\" decoding=\"async\" width=\"2000\" height=\"1333\" src=\"https:\/\/www.tp-49.fi\/wp-content\/uploads\/2025\/10\/Akaa-YJ-P2010-2011-2025.jpg\" class=\"wp-image-4726 style-403-image style-local-573-c5-image\" alt=\"Akaa YJ P2010-2011 2025\" srcset=\"https:\/\/www.tp-49.fi\/wp-content\/uploads\/2025\/10\/Akaa-YJ-P2010-2011-2025.jpg 2000w, https:\/\/www.tp-49.fi\/wp-content\/uploads\/2025\/10\/Akaa-YJ-P2010-2011-2025-300x200.jpg 300w, https:\/\/www.tp-49.fi\/wp-content\/uploads\/2025\/10\/Akaa-YJ-P2010-2011-2025-1024x682.jpg 1024w, https:\/\/www.tp-49.fi\/wp-content\/uploads\/2025\/10\/Akaa-YJ-P2010-2011-2025-768x512.jpg 768w, https:\/\/www.tp-49.fi\/wp-content\/uploads\/2025\/10\/Akaa-YJ-P2010-2011-2025-1536x1024.jpg 1536w\" sizes=\"auto, (max-width: 2000px) 100vw, 2000px\" \/>\n                      <div class=\"h-image__frame h-hide-lg h-hide-md h-hide-sm style-403-frameImage style-local-573-c5-frameImage\"><\/div>\n                    <\/div>\n                  <\/div>\n                <\/div>\n              <\/div>\n            <\/div>\n          <\/div>\n        <\/div>\n      <\/div>\n      <div data-colibri-id=\"573-c6\" class=\"h-row-container gutters-row-lg-2 gutters-row-md-2 gutters-row-0 gutters-row-v-lg-2 gutters-row-v-md-2 gutters-row-v-2 style-1242 style-local-573-c6 position-relative\">\n        <!---->\n        <div class=\"h-row justify-content-lg-center justify-content-md-center justify-content-center align-items-lg-stretch align-items-md-stretch align-items-stretch gutters-col-lg-2 gutters-col-md-2 gutters-col-0 gutters-col-v-lg-2 gutters-col-v-md-2 gutters-col-v-2\">\n          <!---->\n          <div class=\"h-column h-column-container d-flex h-col-lg-auto h-col-md-auto h-col-auto style-1243-outer style-local-573-c7-outer\">\n            <div data-colibri-id=\"573-c7\" class=\"d-flex h-flex-basis h-column__inner h-px-lg-2 h-px-md-2 h-px-2 v-inner-lg-2 v-inner-md-2 v-inner-2 style-1243 style-local-573-c7 position-relative\">\n              <!---->\n              <!---->\n              <div class=\"w-100 h-y-container h-column__content h-column__v-align flex-basis-100 align-self-lg-start align-self-md-start align-self-start\">\n                <!---->\n                <div data-colibri-id=\"573-c8\" class=\"d-block style-403 style-local-573-c8 position-relative h-element\">\n                  <!---->\n                  <div class=\"h-image__frame-container-outer\">\n                    <div class=\"h-image__frame-container\">\n                      <!---->\n                      <!---->\n                      <img decoding=\"async\" src=\"https:\/\/www.tp-49.fi\/wp-content\/uploads\/2025\/05\/2015-150x150.png\" class=\"style-403-image style-local-573-c8-image\">\n                      <div class=\"h-image__frame h-hide-lg h-hide-md h-hide-sm style-403-frameImage style-local-573-c8-frameImage\"><\/div>\n                    <\/div>\n                  <\/div>\n                <\/div>\n              <\/div>\n            <\/div>\n          <\/div>\n        <\/div>\n      <\/div>\n      <div data-colibri-id=\"573-c9\" class=\"h-row-container gutters-row-lg-2 gutters-row-md-2 gutters-row-0 gutters-row-v-lg-2 gutters-row-v-md-2 gutters-row-v-2 style-404 style-local-573-c9 position-relative\">\n        <!---->\n        <div class=\"h-row justify-content-lg-center justify-content-md-center justify-content-center align-items-lg-stretch align-items-md-stretch align-items-stretch gutters-col-lg-2 gutters-col-md-2 gutters-col-0 gutters-col-v-lg-2 gutters-col-v-md-2 gutters-col-v-2\">\n          <!---->\n          <div class=\"h-column h-column-container d-flex h-col-lg-auto h-col-md-auto h-col-auto style-405-outer style-local-573-c10-outer\">\n            <div data-colibri-id=\"573-c10\" class=\"d-flex h-flex-basis h-column__inner h-px-lg-2 h-px-md-2 h-px-2 v-inner-lg-2 v-inner-md-2 v-inner-2 style-405 style-local-573-c10 position-relative\">\n              <!---->\n              <!---->\n              <div class=\"w-100 h-y-container h-column__content h-column__v-align flex-basis-100 align-self-lg-start align-self-md-start align-self-start\">\n                <!---->\n                <div data-colibri-id=\"573-c11\" class=\"h-text h-text-component style-406 style-local-573-c11 position-relative h-element\">\n                  <!---->\n                  <!---->\n                  <div class=\"\">\n                    <p>Olemme Toijalan Pallo -49:n ja Viialan Peli-Veikkojen 2010-2011-syntyneiden pelaajien aktiivinen yhteisjoukkue. Joukkueessamme jokaisella pelaajalle on mahdollisuus kehitty\u00e4 ja haastaa itse\u00e4ns\u00e4 omien tavoitteidensa mukaan. Kes\u00e4isin\n                      treenaamme jalkapalloa kolmesti viikossa TP-49 Areenalla tai Viialan tekonurmella.\n                      <br>\n                      <br>Sarjapelej\u00e4 pelaamme kahdella 11v11-joukkueella Palloliiton alueellisissa sarjoissa. Lis\u00e4ksi k\u00e4ymme aktiivisesti erillisturnauksissa. Talvisin harjoittelemme sis\u00e4tiloissa p\u00e4\u00e4asiallisesti futsalia ja pelaamme Palloliiton futsal-sarjoissa.\n                      <br>\n                      <br> Joukkueeseemme ovat tervetulleita kaikki innokkaat futaajat, jotka haluavat kehitt\u00e4\u00e4 taitojaan ja p\u00e4\u00e4st\u00e4 pelaamaan mukavassa porukassa. N\u00e4hd\u00e4\u00e4n kent\u00e4n reunalla!\n                      <br>\n                      <br>\n                      <a href=\"https:\/\/www.instagram.com\/tp49_2011\" class=\"customize-unpreviewable\">Voit seurata meit\u00e4 Instagramissa.<\/a>\n                    <\/p>\n                  <\/div>\n                <\/div>\n              <\/div>\n            <\/div>\n          <\/div>\n        <\/div>\n      <\/div>\n      <div data-colibri-id=\"573-c12\" class=\"h-row-container gutters-row-lg-2 gutters-row-md-2 gutters-row-0 gutters-row-v-lg-2 gutters-row-v-md-2 gutters-row-v-2 style-1072 style-local-573-c12 position-relative\">\n        <!---->\n        <div class=\"h-row justify-content-lg-center justify-content-md-center justify-content-center align-items-lg-stretch align-items-md-stretch align-items-stretch gutters-col-lg-2 gutters-col-md-2 gutters-col-0 gutters-col-v-lg-2 gutters-col-v-md-2 gutters-col-v-2\">\n          <!---->\n          <div class=\"h-column h-column-container d-flex h-col-lg-auto h-col-md-auto h-col-auto style-1073-outer style-local-573-c13-outer\">\n            <div data-colibri-id=\"573-c13\" class=\"d-flex h-flex-basis h-column__inner h-px-lg-2 h-px-md-2 h-px-2 v-inner-lg-2 v-inner-md-2 v-inner-2 style-1073 style-local-573-c13 position-relative\">\n              <!---->\n              <!---->\n              <div class=\"w-100 h-y-container h-column__content h-column__v-align flex-basis-100 align-self-lg-start align-self-md-start align-self-start\">\n                <!---->\n                <div data-colibri-id=\"573-c14\" class=\"h-text h-text-component style-996 style-local-573-c14 position-relative h-element\">\n                  <!---->\n                  <!---->\n                  <div class=\"\">\n                    <p><strong>Joukkueenjohtaja<\/strong>\n                      <br>Minna Hammar\n                      <br><span style=\"color: rgb(83, 64, 64); font-family: &quot;Open Sans&quot;; font-size: 16px; font-weight: 400;\">040 5531 086<\/span>\n                      <br>minna.hammar22@gmail.com<\/p>\n                    <p><strong>Vastuuvalmentaja<\/strong><span style=\"color: rgb(83, 64, 64); font-family: &quot;Open Sans&quot;; font-size: 16px; font-weight: 400;\"><br>Sami M\u00e4kinen<br><br><\/span><\/p>\n                    <p><strong>Valmennus<\/strong>\n                      <br>Saku&nbsp;Linna\n                      <br><span style=\"font-weight: 400; font-size: 16px; font-family: &quot;Open Sans&quot;; color: rgb(83, 64, 64);\">Kalle Hammar<\/span>\n                      <br><span style=\"color: rgb(83, 64, 64); font-family: &quot;Open Sans&quot;; font-size: 16px; font-weight: 400;\">Minna Kuoppa<\/span><\/p>\n                    <p>\n                      <br>\n                    <\/p>\n                  <\/div>\n                <\/div>\n              <\/div>\n            <\/div>\n          <\/div>\n        <\/div>\n      <\/div>\n      <div data-colibri-id=\"573-c19\" class=\"h-row-container gutters-row-lg-2 gutters-row-md-2 gutters-row-0 gutters-row-v-lg-2 gutters-row-v-md-2 gutters-row-v-2 style-1363 style-local-573-c19 position-relative\">\n        <!---->\n        <div class=\"h-row justify-content-lg-center justify-content-md-center justify-content-center align-items-lg-stretch align-items-md-stretch align-items-stretch gutters-col-lg-2 gutters-col-md-2 gutters-col-0 gutters-col-v-lg-2 gutters-col-v-md-2 gutters-col-v-2\">\n          <!---->\n          <div class=\"h-column h-column-container d-flex h-col-lg-auto h-col-md-auto h-col-auto style-1364-outer style-local-573-c20-outer\">\n            <div data-colibri-id=\"573-c20\" class=\"d-flex h-flex-basis h-column__inner h-px-lg-2 h-px-md-2 h-px-2 v-inner-lg-2 v-inner-md-2 v-inner-2 style-1364 style-local-573-c20 position-relative\">\n              <!---->\n              <!---->\n              <div class=\"w-100 h-y-container h-column__content h-column__v-align flex-basis-100 align-self-lg-start align-self-md-start align-self-start\">\n                <!---->\n                <div data-colibri-id=\"573-c21\" class=\"style-1074 style-local-573-c21 position-relative h-element\">\n                  <!---->\n                  <div class=\"\"><!-- myClub embed JS - start -->\r\n\r\n<div class=\"myclub-embed\" data-url=\"https:\/\/toijalanpallo49.myclub.fi\/groups\/39895\/event_embeds\/13004?token=6aba3ddafa5105e9f7173d093f9ad097be59c47b\"><\/div>\r\n\r\n<script>(function(d, s, id) { var js, mjs = d.getElementsByTagName(s)[0]; if (d.getElementById(id)) return; js = d.createElement(s); js.id = id; js.async = true; js.src = \"https:\/\/d2ubdm6yoox6gh.cloudfront.net\/assets\/myclub-embed.js\"; mjs.parentNode.insertBefore(js, mjs); }(document, 'script', 'myclub-embed-js'));<\/script>\r\n\r\n<!-- myClub embed JS - end -->\r\n\r\n \r\n\r\n<!-- myClub embed JS - start -->\r\n\r\n<div class=\"myclub-embed\" data-url=\"https:\/\/toijalanpallo49.myclub.fi\/groups\/39895\/event_embeds\/13003?token=e159086a158e91a53c5cc07a7b7dd7a110601cb7\"><\/div>\r\n\r\n<script>(function(d, s, id) { var js, mjs = d.getElementsByTagName(s)[0]; if (d.getElementById(id)) return; js = d.createElement(s); js.id = id; js.async = true; js.src = \"https:\/\/d2ubdm6yoox6gh.cloudfront.net\/assets\/myclub-embed.js\"; mjs.parentNode.insertBefore(js, mjs); }(document, 'script', 'myclub-embed-js'));<\/script>\r\n\r\n<!-- myClub embed JS - end --><\/div>\n                <\/div>\n              <\/div>\n            <\/div>\n          <\/div>\n        <\/div>\n      <\/div>\n      <div data-colibri-id=\"573-c16\" class=\"h-row-container gutters-row-lg-2 gutters-row-md-2 gutters-row-0 gutters-row-v-lg-2 gutters-row-v-md-2 gutters-row-v-2 style-1299 style-local-573-c16 position-relative\">\n        <!---->\n        <div class=\"h-row justify-content-lg-center justify-content-md-center justify-content-center align-items-lg-stretch align-items-md-stretch align-items-stretch gutters-col-lg-2 gutters-col-md-2 gutters-col-0 gutters-col-v-lg-2 gutters-col-v-md-2 gutters-col-v-2\">\n          <!---->\n          <div class=\"h-column h-column-container d-flex h-col-lg-auto h-col-md-auto h-col-auto style-1300-outer style-local-573-c17-outer\">\n            <div data-colibri-id=\"573-c17\" class=\"d-flex h-flex-basis h-column__inner h-px-lg-2 h-px-md-2 h-px-2 v-inner-lg-2 v-inner-md-2 v-inner-2 style-1300 style-local-573-c17 position-relative\">\n              <!---->\n              <!---->\n              <div class=\"w-100 h-y-container h-column__content h-column__v-align flex-basis-100 align-self-lg-start align-self-md-start align-self-start\">\n                <!---->\n                <div data-colibri-id=\"573-c18\" class=\"style-1296 style-local-573-c18 position-relative h-element\">\n                  <!---->\n                  <div class=\"\"><iframe loading=\"lazy\" src=\"https:\/\/www.instagram.com\/akaayj_p2011\/embed\" width=\"340\" height=\"500\" style=\"border:none;overflow:hidden\" scrolling=\"no\" frameborder=\"0\" allowfullscreen=\"true\" allow=\"autoplay; clipboard-write; encrypted-media; picture-in-picture; web-share\"><\/iframe><\/div>\n                <\/div>\n              <\/div>\n            <\/div>\n          <\/div>\n        <\/div>\n      <\/div>\n    <\/div>\n  <\/div>\n<\/div>","protected":false},"excerpt":{"rendered":"<p>Olemme Toijalan Pallo -49:n ja Viialan Peli-Veikkojen 2010-2011-syntyneiden pelaajien aktiivinen yhteisjoukkue. Joukkueessamme jokaisella pelaajalle on mahdollisuus kehitty\u00e4 ja haastaa itse\u00e4ns\u00e4 omien tavoitteidensa mukaan. Kes\u00e4isin treenaamme jalkapalloa kolmesti viikossa TP-49 Areenalla tai Viialan tekonurmella. Sarjapelej\u00e4 pelaamme kahdella 11v11-joukkueella Palloliiton alueellisissa sarjoissa. Lis\u00e4ksi k\u00e4ymme aktiivisesti erillisturnauksissa. Talvisin harjoittelemme sis\u00e4tiloissa p\u00e4\u00e4asiallisesti futsalia ja pelaamme Palloliiton futsal-sarjoissa. Joukkueeseemme ovat [&hellip;]<\/p>\n","protected":false},"author":1,"featured_media":0,"parent":498,"menu_order":0,"comment_status":"closed","ping_status":"closed","template":"page-templates\/full-width-page.php","meta":{"ngg_post_thumbnail":0,"footnotes":""},"class_list":["post-573","page","type-page","status-publish","hentry"],"_links":{"self":[{"href":"https:\/\/www.tp-49.fi\/index.php\/wp-json\/wp\/v2\/pages\/573","targetHints":{"allow":["GET"]}}],"collection":[{"href":"https:\/\/www.tp-49.fi\/index.php\/wp-json\/wp\/v2\/pages"}],"about":[{"href":"https:\/\/www.tp-49.fi\/index.php\/wp-json\/wp\/v2\/types\/page"}],"author":[{"embeddable":true,"href":"https:\/\/www.tp-49.fi\/index.php\/wp-json\/wp\/v2\/users\/1"}],"replies":[{"embeddable":true,"href":"https:\/\/www.tp-49.fi\/index.php\/wp-json\/wp\/v2\/comments?post=573"}],"version-history":[{"count":20,"href":"https:\/\/www.tp-49.fi\/index.php\/wp-json\/wp\/v2\/pages\/573\/revisions"}],"predecessor-version":[{"id":5335,"href":"https:\/\/www.tp-49.fi\/index.php\/wp-json\/wp\/v2\/pages\/573\/revisions\/5335"}],"up":[{"embeddable":true,"href":"https:\/\/www.tp-49.fi\/index.php\/wp-json\/wp\/v2\/pages\/498"}],"wp:attachment":[{"href":"https:\/\/www.tp-49.fi\/index.php\/wp-json\/wp\/v2\/media?parent=573"}],"curies":[{"name":"wp","href":"https:\/\/api.w.org\/{rel}","templated":true}]}}