{"id":5265,"date":"2025-10-08T14:41:50","date_gmt":"2025-10-08T11:41:50","guid":{"rendered":"https:\/\/www.tp-49.fi\/?page_id=5265"},"modified":"2025-10-24T18:26:40","modified_gmt":"2025-10-24T15:26:40","slug":"t2016-2017","status":"publish","type":"page","link":"https:\/\/www.tp-49.fi\/index.php\/joukkueet\/t2016-2017\/","title":{"rendered":"T2016-2017"},"content":{"rendered":"<div data-colibri-id=\"5265-c1\" class=\"style-1353 style-local-5265-c1 position-relative\">\n  <!---->\n  <div data-colibri-component=\"section\" data-colibri-id=\"5265-c2\" id=\"initial-content\" class=\"h-section h-section-global-spacing d-flex align-items-lg-center align-items-md-center align-items-center style-1354 style-local-5265-c2 position-relative\">\n    <!---->\n    <!---->\n    <div class=\"h-section-grid-container h-section-boxed-container\">\n      <!---->\n      <div data-colibri-id=\"5265-c3\" class=\"h-row-container gutters-row-lg-2 gutters-row-md-2 gutters-row-0 gutters-row-v-lg-2 gutters-row-v-md-2 gutters-row-v-2 style-1355 style-local-5265-c3 position-relative\">\n        <!---->\n        <div class=\"h-row justify-content-lg-center justify-content-md-center justify-content-center align-items-lg-stretch align-items-md-stretch align-items-stretch gutters-col-lg-2 gutters-col-md-2 gutters-col-0 gutters-col-v-lg-2 gutters-col-v-md-2 gutters-col-v-2\">\n          <!---->\n          <div class=\"h-column h-column-container d-flex h-col-lg-auto h-col-md-auto h-col-auto style-1356-outer style-local-5265-c4-outer\">\n            <div data-colibri-id=\"5265-c4\" class=\"d-flex h-flex-basis h-column__inner h-px-lg-2 h-px-md-2 h-px-2 v-inner-lg-2 v-inner-md-2 v-inner-2 style-1356 style-local-5265-c4 position-relative\">\n              <!---->\n              <!---->\n              <div class=\"w-100 h-y-container h-column__content h-column__v-align flex-basis-100 align-self-lg-start align-self-md-start align-self-start\">\n                <!---->\n                <div data-colibri-id=\"5265-c5\" class=\"d-block style-1357 style-local-5265-c5 position-relative h-element\">\n                  <!---->\n                  <div class=\"h-image__frame-container-outer\">\n                    <div class=\"h-image__frame-container\">\n                      <!---->\n                      <!---->\n                      <img loading=\"lazy\" decoding=\"async\" width=\"204\" height=\"201\" src=\"https:\/\/www.tp-49.fi\/wp-content\/uploads\/2021\/09\/tp_logo.png\" class=\"wp-image-10 style-1357-image style-local-5265-c5-image\" alt=\"\" \/>\n                      <div class=\"h-image__frame h-hide-lg h-hide-md h-hide-sm style-1357-frameImage style-local-5265-c5-frameImage\"><\/div>\n                    <\/div>\n                  <\/div>\n                <\/div>\n                <div data-colibri-id=\"5265-c6\" class=\"h-text h-text-component style-1358 style-local-5265-c6 position-relative h-element\">\n                  <!---->\n                  <!---->\n                  <div class=\"\">\n                    <p>Kes\u00e4ll\u00e4 pelaamme jalkapalloa ja talvella futsalia.\n                      <br>Harjoitukset kaksi kertaa viikossa.\n                      <br>Pelaamme palloliiton l\u00e4ntisen alueen sarjoissa.\n                      <br>Lis\u00e4ksi osallistumme turnauksiin.<\/p>\n                  <\/div>\n                <\/div>\n              <\/div>\n            <\/div>\n          <\/div>\n        <\/div>\n      <\/div>\n      <div data-colibri-id=\"5265-c7\" class=\"h-row-container gutters-row-lg-2 gutters-row-md-2 gutters-row-0 gutters-row-v-lg-2 gutters-row-v-md-2 gutters-row-v-2 style-1383 style-local-5265-c7 position-relative\">\n        <!---->\n        <div class=\"h-row justify-content-lg-center justify-content-md-center justify-content-center align-items-lg-stretch align-items-md-stretch align-items-stretch gutters-col-lg-2 gutters-col-md-2 gutters-col-0 gutters-col-v-lg-2 gutters-col-v-md-2 gutters-col-v-2\">\n          <!---->\n          <div class=\"h-column h-column-container d-flex h-col-lg-auto h-col-md-auto h-col-auto style-1384-outer style-local-5265-c8-outer\">\n            <div data-colibri-id=\"5265-c8\" class=\"d-flex h-flex-basis h-column__inner h-px-lg-2 h-px-md-2 h-px-2 v-inner-lg-2 v-inner-md-2 v-inner-2 style-1384 style-local-5265-c8 position-relative\">\n              <!---->\n              <!---->\n              <div class=\"w-100 h-y-container h-column__content h-column__v-align flex-basis-100 align-self-lg-start align-self-md-start align-self-start\">\n                <!---->\n                <div data-colibri-id=\"5265-c9\" class=\"h-text h-text-component style-1385 style-local-5265-c9 position-relative h-element\">\n                  <!---->\n                  <!---->\n                  <div class=\"\">\n                    <p><strong>Joukkueenjohtaja<\/strong>\n                      <br>Elina Jaakola\n                      <br><span style=\"font-weight: 400; font-size: 16px; font-family: &quot;Open Sans&quot;; color: rgb(83, 64, 64);\">0407187984<\/span>\n                      <br>elina.k.jaakola@gmail.com<\/p>\n                    <p><strong>Valmentaja<\/strong>\n                      <br>Nina Koskinen\n                      <br>Jussipekka Parjo\n                      <br>Petteri Viitanen<\/p>\n                  <\/div>\n                <\/div>\n              <\/div>\n            <\/div>\n          <\/div>\n        <\/div>\n      <\/div>\n      <div data-colibri-id=\"5265-c10\" class=\"h-row-container gutters-row-lg-2 gutters-row-md-2 gutters-row-0 gutters-row-v-lg-2 gutters-row-v-md-2 gutters-row-v-2 style-1359 style-local-5265-c10 position-relative\">\n        <!---->\n        <div class=\"h-row justify-content-lg-center justify-content-md-center justify-content-center align-items-lg-stretch align-items-md-stretch align-items-stretch gutters-col-lg-2 gutters-col-md-2 gutters-col-0 gutters-col-v-lg-2 gutters-col-v-md-2 gutters-col-v-2\">\n          <!---->\n          <div class=\"h-column h-column-container d-flex h-col-lg-auto h-col-md-auto h-col-auto style-1360-outer style-local-5265-c11-outer\">\n            <div data-colibri-id=\"5265-c11\" class=\"d-flex h-flex-basis h-column__inner h-px-lg-2 h-px-md-2 h-px-2 v-inner-lg-2 v-inner-md-2 v-inner-2 style-1360 style-local-5265-c11 position-relative\">\n              <!---->\n              <!---->\n              <div class=\"w-100 h-y-container h-column__content h-column__v-align flex-basis-100 align-self-lg-start align-self-md-start align-self-start\">\n                <!---->\n                <div data-colibri-id=\"5265-c12\" class=\"style-1361 style-local-5265-c12 position-relative h-element\">\n                  <!---->\n                  <div class=\"\"><!-- myClub embed JS - start -->\r\n<div class=\"myclub-embed\" data-url=\"https:\/\/toijalanpallo49.myclub.fi\/groups\/85875\/event_embeds\/37180?token=98053b9f70d121bdf90af67a4b5844431f5bf5d7\"><\/div>\r\n<script>(function(d, s, id) { var js, mjs = d.getElementsByTagName(s)[0]; if (d.getElementById(id)) return; js = d.createElement(s); js.id = id; js.async = true; js.src = \"https:\/\/d2ubdm6yoox6gh.cloudfront.net\/assets\/myclub-embed.js\"; mjs.parentNode.insertBefore(js, mjs); }(document, 'script', 'myclub-embed-js'));<\/script>\r\n<!-- myClub embed JS - end -->\r\n<\/div>\n                <\/div>\n              <\/div>\n            <\/div>\n          <\/div>\n        <\/div>\n      <\/div>\n    <\/div>\n  <\/div>\n<\/div>","protected":false},"excerpt":{"rendered":"<p>Kes\u00e4ll\u00e4 pelaamme jalkapalloa ja talvella futsalia. Harjoitukset kaksi kertaa viikossa. Pelaamme palloliiton l\u00e4ntisen alueen sarjoissa. Lis\u00e4ksi osallistumme turnauksiin. Joukkueenjohtaja Elina Jaakola 0407187984 elina.k.jaakola@gmail.com Valmentaja Nina Koskinen Jussipekka Parjo Petteri Viitanen<\/p>\n","protected":false},"author":6,"featured_media":0,"parent":498,"menu_order":0,"comment_status":"closed","ping_status":"closed","template":"page-templates\/full-width-page.php","meta":{"ngg_post_thumbnail":0,"footnotes":""},"class_list":["post-5265","page","type-page","status-publish","hentry"],"_links":{"self":[{"href":"https:\/\/www.tp-49.fi\/index.php\/wp-json\/wp\/v2\/pages\/5265","targetHints":{"allow":["GET"]}}],"collection":[{"href":"https:\/\/www.tp-49.fi\/index.php\/wp-json\/wp\/v2\/pages"}],"about":[{"href":"https:\/\/www.tp-49.fi\/index.php\/wp-json\/wp\/v2\/types\/page"}],"author":[{"embeddable":true,"href":"https:\/\/www.tp-49.fi\/index.php\/wp-json\/wp\/v2\/users\/6"}],"replies":[{"embeddable":true,"href":"https:\/\/www.tp-49.fi\/index.php\/wp-json\/wp\/v2\/comments?post=5265"}],"version-history":[{"count":6,"href":"https:\/\/www.tp-49.fi\/index.php\/wp-json\/wp\/v2\/pages\/5265\/revisions"}],"predecessor-version":[{"id":5453,"href":"https:\/\/www.tp-49.fi\/index.php\/wp-json\/wp\/v2\/pages\/5265\/revisions\/5453"}],"up":[{"embeddable":true,"href":"https:\/\/www.tp-49.fi\/index.php\/wp-json\/wp\/v2\/pages\/498"}],"wp:attachment":[{"href":"https:\/\/www.tp-49.fi\/index.php\/wp-json\/wp\/v2\/media?parent=5265"}],"curies":[{"name":"wp","href":"https:\/\/api.w.org\/{rel}","templated":true}]}}