{"id":498,"date":"2021-09-14T12:39:31","date_gmt":"2021-09-14T09:39:31","guid":{"rendered":"http:\/\/www.tp-49.fi\/?page_id=498"},"modified":"2025-10-02T09:24:31","modified_gmt":"2025-10-02T06:24:31","slug":"joukkueet","status":"publish","type":"page","link":"https:\/\/www.tp-49.fi\/index.php\/joukkueet\/","title":{"rendered":"Joukkueet"},"content":{"rendered":"<div data-colibri-id=\"498-c1\" class=\"style-346 style-local-498-c1 position-relative\">\n  <!---->\n  <div data-colibri-component=\"section\" data-colibri-id=\"498-c2\" id=\"custom\" class=\"h-section h-section-global-spacing d-flex align-items-lg-center align-items-md-center align-items-center style-347 style-local-498-c2 position-relative\">\n    <!---->\n    <!---->\n    <div class=\"h-section-grid-container h-section-boxed-container\">\n      <!---->\n      <div data-colibri-id=\"498-c3\" class=\"h-row-container gutters-row-lg-2 gutters-row-md-2 gutters-row-0 gutters-row-v-lg-2 gutters-row-v-md-2 gutters-row-v-2 style-348 style-local-498-c3 position-relative\">\n        <!---->\n        <div class=\"h-row justify-content-lg-center justify-content-md-center justify-content-center align-items-lg-stretch align-items-md-stretch align-items-stretch gutters-col-lg-2 gutters-col-md-2 gutters-col-0 gutters-col-v-lg-2 gutters-col-v-md-2 gutters-col-v-2\">\n          <!---->\n          <div class=\"h-column h-column-container d-flex h-col-lg-auto h-col-md-auto h-col-auto style-349-outer style-local-498-c4-outer\">\n            <div data-colibri-id=\"498-c4\" class=\"d-flex h-flex-basis h-column__inner h-px-lg-2 h-px-md-2 h-px-2 v-inner-lg-2 v-inner-md-2 v-inner-2 style-349 style-local-498-c4 position-relative\">\n              <!---->\n              <!---->\n              <div class=\"w-100 h-y-container h-column__content h-column__v-align flex-basis-100 align-self-lg-start align-self-md-start align-self-start\">\n                <!---->\n                <div data-colibri-id=\"498-c5\" class=\"h-global-transition-all h-heading style-352 style-local-498-c5 position-relative h-element\">\n                  <!---->\n                  <div class=\"h-heading__outer style-352 style-local-498-c5\">\n                    <!---->\n                    <!---->\n                    <h2 class=\"\">Uudet pelaajat<\/h2>\n                  <\/div>\n                <\/div>\n                <div data-colibri-id=\"498-c6\" class=\"h-text h-text-component style-353 style-local-498-c6 position-relative h-element\">\n                  <!---->\n                  <!---->\n                  <div class=\"\">\n                    <p><span style=\"font-weight: 400; font-size: 18px; font-family: Oswald, sans-serif; color: rgb(107, 111, 128);\">Kaikkiin joukkueisiin otetaan aina uusia ja innokkaita harrastajia mukaan. Alla muutama asia mill\u00e4 toimintaan p\u00e4\u00e4see ja mitk\u00e4 helpottavat toimintaan tuloa.- Ilmoittaudu AINA hyviss\u00e4 ajoin (n. viikko etuk\u00e4teen) ennen ensimm\u00e4isiin harjoituksiin osallistumista lapsesi ik\u00e4ryhm\u00e4n joukkueen joukkueenjohtajalle (tiedot l\u00f6ytyv\u00e4t joukkueen omilta sivuilta!) halustasi osallistua ja toimita tarvittavat tiedot (lapsen nimi, henkil\u00f6tunnus, osoite ja vanhempien yhteystiedot)&nbsp;s-postitse kyseisen joukkueen joukkueenjohtajalle.&nbsp;\u2013 Harjoituksiin p\u00e4\u00e4see tutustumaan kahden viikon ajan maksutta. Seuralla on tutustumisajalle ryhm\u00e4vakuutus. S\u00e4\u00e4risuojat ovat pakollinen varustus, mutta niit\u00e4kin voi tiedustella joukkueelta lainaan. Koeajan j\u00e4lkeen pelaaja ja vanhemmat tekev\u00e4t p\u00e4\u00e4t\u00f6ksen osallistumisesta ja t\u00e4ss\u00e4 vaiheessa joukkueenjohtaja toimittaa tarvittavat maksutiedot perheellenne.<\/span><\/p>\n                  <\/div>\n                <\/div>\n              <\/div>\n            <\/div>\n          <\/div>\n          <div class=\"h-column h-column-container d-flex h-col-lg-auto h-col-md-auto h-col-auto style-350-outer style-local-498-c7-outer\">\n            <div data-colibri-id=\"498-c7\" class=\"d-flex h-flex-basis h-column__inner h-px-lg-2 h-px-md-2 h-px-2 v-inner-lg-2 v-inner-md-2 v-inner-2 style-350 style-local-498-c7 position-relative\">\n              <!---->\n              <!---->\n              <div class=\"w-100 h-y-container h-column__content h-column__v-align flex-basis-100 align-self-lg-start align-self-md-start align-self-start\">\n                <!---->\n                <div data-colibri-id=\"498-c8\" class=\"h-global-transition-all h-heading style-354 style-local-498-c8 position-relative h-element\">\n                  <!---->\n                  <div class=\"h-heading__outer style-354 style-local-498-c8\">\n                    <!---->\n                    <!---->\n                    <h2 class=\"\">Harjoitusvarustus<\/h2>\n                  <\/div>\n                <\/div>\n                <div data-colibri-id=\"498-c9\" class=\"h-text h-text-component style-355 style-local-498-c9 position-relative h-element\">\n                  <!---->\n                  <!---->\n                  <div class=\"\">\n                    <h4>TP-49 Areenan tekonurmella<\/h4>\n                    <p><span style=\"color: rgb(107, 111, 128); font-family: Oswald, sans-serif; font-size: 18px; font-weight: 400;\">Nappikset, s\u00e4\u00e4risuojat (pakolliset), verkkarit ja juomapullo.&nbsp;P\u00e4\u00e4h\u00e4n tarvittaessa kevyt pipo EI lippalakkia ja hansikkaat ettei sormia palele.&nbsp;Mukaan my\u00f6s oma pallo (kokeilujaksolla ei v\u00e4ltt\u00e4m\u00e4tt\u00e4 tarvitse olla omaa palloa).<\/span><\/p>\n                    <h4>Yhteiskoulun, Arvo Ylp\u00f6n Koulun, Monitoimihallin tai Akaa Areenan salivuorolla<\/h4>\n                    <p><span style=\"color: rgb(107, 111, 128); font-family: Oswald, sans-serif; font-size: 18px; font-weight: 400;\">Sis\u00e4pelikeng\u00e4t (pakolliset), s\u00e4\u00e4risuojat (pakolliset), t-paita, shortsit\/verkkarit ja juomapullo.&nbsp;Kouluilla ja Monitoimihallilla on erilliset pukuhuoneet, jossa treenivaatteet voi vaihtaa. Mukaan my\u00f6s oma pallo (kokeilujaksolla ei v\u00e4ltt\u00e4m\u00e4tt\u00e4 tarvitse olla omaa palloa).<\/span><\/p>\n                    <h4>Monitoimihallin tai Akaa Areenanjuoksusuoralla<\/h4>\n                    <p><span style=\"color: rgb(107, 111, 128); font-family: Oswald, sans-serif; font-size: 18px; font-weight: 400;\">Shortsit\/verkkarit, harjoituspaita, vesipullo t\u00e4ytettyn\u00e4 sek\u00e4&nbsp;<\/span><strong style=\"color: rgb(107, 111, 128); font-family: Oswald, sans-serif; font-size: 18px;\">lenkkitossut.&nbsp;<\/strong>&nbsp;\n                      <span\n                        style=\"font-weight: 400; color: rgb(107, 111, 128); font-family: Oswald, sans-serif; font-size: 18px;\">Varusteet jo kotona p\u00e4\u00e4lle, poislukien keng\u00e4t koska juoksusuoralla tilat ovat rajalliset.<\/span>\n                    <\/p>\n                    <h4>Peleiss\u00e4 k\u00e4yt\u00e4mme seuran peliasua, jonka k\u00e4ytt\u00e4minen harjoituksissa on kielletty.<\/h4>\n                    <p>\n                      <br>\n                    <\/p>\n                  <\/div>\n                <\/div>\n              <\/div>\n            <\/div>\n          <\/div>\n        <\/div>\n      <\/div>\n    <\/div>\n  <\/div>\n<\/div>","protected":false},"excerpt":{"rendered":"<p>Uudet pelaajat Kaikkiin joukkueisiin otetaan aina uusia ja innokkaita harrastajia mukaan. Alla muutama asia mill\u00e4 toimintaan p\u00e4\u00e4see ja mitk\u00e4 helpottavat toimintaan tuloa.- Ilmoittaudu AINA hyviss\u00e4 ajoin (n. viikko etuk\u00e4teen) ennen ensimm\u00e4isiin harjoituksiin osallistumista lapsesi ik\u00e4ryhm\u00e4n joukkueen joukkueenjohtajalle (tiedot l\u00f6ytyv\u00e4t joukkueen omilta sivuilta!) halustasi osallistua ja toimita tarvittavat tiedot (lapsen nimi, henkil\u00f6tunnus, osoite ja vanhempien yhteystiedot)&nbsp;s-postitse [&hellip;]<\/p>\n","protected":false},"author":1,"featured_media":0,"parent":0,"menu_order":0,"comment_status":"closed","ping_status":"closed","template":"page-templates\/full-width-page.php","meta":{"ngg_post_thumbnail":0,"footnotes":""},"class_list":["post-498","page","type-page","status-publish","hentry"],"_links":{"self":[{"href":"https:\/\/www.tp-49.fi\/index.php\/wp-json\/wp\/v2\/pages\/498","targetHints":{"allow":["GET"]}}],"collection":[{"href":"https:\/\/www.tp-49.fi\/index.php\/wp-json\/wp\/v2\/pages"}],"about":[{"href":"https:\/\/www.tp-49.fi\/index.php\/wp-json\/wp\/v2\/types\/page"}],"author":[{"embeddable":true,"href":"https:\/\/www.tp-49.fi\/index.php\/wp-json\/wp\/v2\/users\/1"}],"replies":[{"embeddable":true,"href":"https:\/\/www.tp-49.fi\/index.php\/wp-json\/wp\/v2\/comments?post=498"}],"version-history":[{"count":7,"href":"https:\/\/www.tp-49.fi\/index.php\/wp-json\/wp\/v2\/pages\/498\/revisions"}],"predecessor-version":[{"id":4744,"href":"https:\/\/www.tp-49.fi\/index.php\/wp-json\/wp\/v2\/pages\/498\/revisions\/4744"}],"wp:attachment":[{"href":"https:\/\/www.tp-49.fi\/index.php\/wp-json\/wp\/v2\/media?parent=498"}],"curies":[{"name":"wp","href":"https:\/\/api.w.org\/{rel}","templated":true}]}}