{"id":4858,"date":"2025-10-03T09:00:20","date_gmt":"2025-10-03T06:00:20","guid":{"rendered":"https:\/\/www.tp-49.fi\/?page_id=4858"},"modified":"2025-10-12T11:21:49","modified_gmt":"2025-10-12T08:21:49","slug":"p2018","status":"publish","type":"page","link":"https:\/\/www.tp-49.fi\/index.php\/joukkueet\/p2018\/","title":{"rendered":"P2018"},"content":{"rendered":"<div data-colibri-id=\"4858-c1\" class=\"style-1264 style-local-4858-c1 position-relative\">\n  <!---->\n  <div data-colibri-component=\"section\" data-colibri-id=\"4858-c2\" id=\"custom\" class=\"h-section h-section-global-spacing d-flex align-items-lg-center align-items-md-center align-items-center style-1265 style-local-4858-c2 position-relative\">\n    <!---->\n    <!---->\n    <div class=\"h-section-grid-container h-section-boxed-container\">\n      <!---->\n      <div data-colibri-id=\"4858-c3\" class=\"h-row-container gutters-row-lg-2 gutters-row-md-2 gutters-row-0 gutters-row-v-lg-2 gutters-row-v-md-2 gutters-row-v-2 style-1269 style-local-4858-c3 position-relative\">\n        <!---->\n        <div class=\"h-row justify-content-lg-center justify-content-md-center justify-content-center align-items-lg-stretch align-items-md-stretch align-items-stretch gutters-col-lg-2 gutters-col-md-2 gutters-col-0 gutters-col-v-lg-2 gutters-col-v-md-2 gutters-col-v-2\">\n          <!---->\n          <div class=\"h-column h-column-container d-flex h-col-lg-auto h-col-md-auto h-col-auto style-1270-outer style-local-4858-c4-outer\">\n            <div data-colibri-id=\"4858-c4\" class=\"d-flex h-flex-basis h-column__inner h-px-lg-2 h-px-md-2 h-px-2 v-inner-lg-2 v-inner-md-2 v-inner-2 style-1270 style-local-4858-c4 position-relative\">\n              <!---->\n              <!---->\n              <div class=\"w-100 h-y-container h-column__content h-column__v-align flex-basis-100 align-self-lg-start align-self-md-start align-self-start\">\n                <!---->\n                <div data-colibri-id=\"4858-c5\" class=\"d-block style-1271 style-local-4858-c5 position-relative h-element\">\n                  <!---->\n                  <div class=\"h-image__frame-container-outer\">\n                    <div class=\"h-image__frame-container\">\n                      <!---->\n                      <!---->\n                      <img loading=\"lazy\" decoding=\"async\" width=\"2000\" height=\"1333\" src=\"https:\/\/www.tp-49.fi\/wp-content\/uploads\/2025\/10\/TP-49-P2018-2025.jpg\" class=\"wp-image-4861 style-1271-image style-local-4858-c5-image\" alt=\"TP-49 P2018 2025 ryhm\u00e4kuva\" srcset=\"https:\/\/www.tp-49.fi\/wp-content\/uploads\/2025\/10\/TP-49-P2018-2025.jpg 2000w, https:\/\/www.tp-49.fi\/wp-content\/uploads\/2025\/10\/TP-49-P2018-2025-300x200.jpg 300w, https:\/\/www.tp-49.fi\/wp-content\/uploads\/2025\/10\/TP-49-P2018-2025-1024x682.jpg 1024w, https:\/\/www.tp-49.fi\/wp-content\/uploads\/2025\/10\/TP-49-P2018-2025-768x512.jpg 768w, https:\/\/www.tp-49.fi\/wp-content\/uploads\/2025\/10\/TP-49-P2018-2025-1536x1024.jpg 1536w\" sizes=\"auto, (max-width: 2000px) 100vw, 2000px\" \/>\n                      <div class=\"h-image__frame h-hide-lg h-hide-md h-hide-sm style-1271-frameImage style-local-4858-c5-frameImage\"><\/div>\n                    <\/div>\n                  <\/div>\n                <\/div>\n              <\/div>\n            <\/div>\n          <\/div>\n        <\/div>\n      <\/div>\n      <div data-colibri-id=\"4858-c6\" class=\"h-row-container gutters-row-lg-2 gutters-row-md-2 gutters-row-0 gutters-row-v-lg-2 gutters-row-v-md-2 gutters-row-v-2 style-1272 style-local-4858-c6 position-relative\">\n        <!---->\n        <div class=\"h-row justify-content-lg-center justify-content-md-center justify-content-center align-items-lg-center align-items-md-center align-items-center gutters-col-lg-2 gutters-col-md-2 gutters-col-0 gutters-col-v-lg-2 gutters-col-v-md-2 gutters-col-v-2\">\n          <!---->\n          <div class=\"h-column h-column-container d-flex h-col-lg-auto h-col-md-auto h-col-auto align-self-lg-center align-self-md-center align-self-center style-1273-outer style-local-4858-c7-outer\">\n            <div data-colibri-id=\"4858-c7\" class=\"d-flex h-flex-basis h-column__inner h-px-lg-2 h-px-md-2 h-px-2 v-inner-lg-2 v-inner-md-2 v-inner-2 style-1273 style-local-4858-c7 position-relative\">\n              <!---->\n              <!---->\n              <div class=\"w-100 h-y-container h-column__content h-column__v-align flex-basis-100 align-self-lg-start align-self-md-start align-self-start\">\n                <!---->\n                <div data-colibri-id=\"4858-c8\" class=\"h-text h-text-component style-1279 style-local-4858-c8 position-relative h-element\">\n                  <!---->\n                  <!---->\n                  <div class=\"\">\n                    <p>Harjoittelemme kes\u00e4kaudella jalkapalloa kolmesti viikossa TP-49 Areenalla. Osallistumme sarjapeleihin kolmella eri tasolla vaihtelevilla peliryhmill\u00e4, jotta jokaiselle pelaajalle l\u00f6ytyy sopivan&nbsp;tasoinen ja motivoiva peliryhm\u00e4.\n                      Turnaukset ovat my\u00f6s osa kes\u00e4kautta: tavoitteena on osallistua&nbsp;1\u20133 turnaukseen ymp\u00e4ri Suomen, erityisesti ymp\u00e4rist\u00f6kuntien ja kaupunkien alueella.&nbsp;Talvikaudella siirrymme futsalin pariin, jolloin harjoittelemme kahdesti\n                      viikossa ja osallistumme&nbsp;sarjatoimintaan samalla monitasoisella mallilla.<\/p>\n                    <p>Pelaajia joukkueessamme on t\u00e4ll\u00e4 hetkell\u00e4 20. Tavoitteemme on tarjota laadukasta valmennusta ja&nbsp;mahdollisuus tavoitteelliseen urheiluun. Meille t\u00e4rkeint\u00e4 on, ett\u00e4 treeneihin on kiva tulla ja sielt\u00e4 on&nbsp;hyv\u00e4 fiilis l\u00e4hte\u00e4.\n                      Treeneiss\u00e4 tehd\u00e4\u00e4n t\u00e4ysill\u00e4, mutta ilon ja huumorin kautta. Meill\u00e4 pidet\u00e4\u00e4n&nbsp;hauskaa yhdess\u00e4!<\/p>\n                    <p>Keski\u00f6ss\u00e4 ovat lapset! Heid\u00e4n hyvinvointinsa, kehittymisens\u00e4 ja yhteis\u00f6llisyytens\u00e4. Yhteishenki on&nbsp;meille t\u00e4rke\u00e4\u00e4 ja haluamme, ett\u00e4 my\u00f6s vanhemmat ovat aktiivinen osa joukkuetta.<\/p>\n                    <p>Joukkueeseemme ovat tervetulleita kaikki uudet futarit, jotka haluavat liitty\u00e4 mukaan iloiseen ja&nbsp;tavoitteelliseen porukkaamme sek\u00e4 kehitt\u00e4\u00e4 jalkapallotaitojaan innostavassa ymp\u00e4rist\u00f6ss\u00e4!<\/p>\n                  <\/div>\n                <\/div>\n              <\/div>\n            <\/div>\n          <\/div>\n        <\/div>\n      <\/div>\n      <div data-colibri-id=\"4858-c12\" class=\"h-row-container gutters-row-lg-2 gutters-row-md-2 gutters-row-0 gutters-row-v-lg-2 gutters-row-v-md-2 gutters-row-v-2 style-1374 style-local-4858-c12 position-relative\">\n        <!---->\n        <div class=\"h-row justify-content-lg-center justify-content-md-center justify-content-center align-items-lg-stretch align-items-md-stretch align-items-stretch gutters-col-lg-2 gutters-col-md-2 gutters-col-0 gutters-col-v-lg-2 gutters-col-v-md-2 gutters-col-v-2\">\n          <!---->\n          <div class=\"h-column h-column-container d-flex h-col-lg-auto h-col-md-auto h-col-auto style-1375-outer style-local-4858-c13-outer\">\n            <div data-colibri-id=\"4858-c13\" class=\"d-flex h-flex-basis h-column__inner h-px-lg-2 h-px-md-2 h-px-2 v-inner-lg-2 v-inner-md-2 v-inner-2 style-1375 style-local-4858-c13 position-relative\">\n              <!---->\n              <!---->\n              <div class=\"w-100 h-y-container h-column__content h-column__v-align flex-basis-100 align-self-lg-start align-self-md-start align-self-start\">\n                <!---->\n                <div data-colibri-id=\"4858-c14\" class=\"h-text h-text-component style-1376 style-local-4858-c14 position-relative h-element\">\n                  <!---->\n                  <!---->\n                  <div class=\"\">\n                    <p><strong>Joukkueenjohtaja<\/strong>\n                      <br>Rita Shwaik\n                      <br>0405131231\n                      <br>rita.shwaik@gmail.com<\/p>\n                    <p><strong>Vastuuvalmentaja<\/strong>\n                      <br>Teemu Elomaa<\/p>\n                    <p><strong>Valmennus<\/strong>\n                      <br>Masi Bergstr\u00f6m\n                      <br>Juhana Jyrki\u00e4inen\n                      <br>Ville H\u00e4nninen\n                      <br>Majed Shwaik\n                      <br>Heli Simola\n                      <br>Laura M\u00e4kynen.<\/p>\n                    <p><strong>Kioskivastaava<\/strong>\n                      <br>Mea Sahamies<\/p>\n                    <p><strong>Varustevastaava<\/strong>\n                      <br>Karoliina Tiura<\/p>\n                    <p><strong>Rahastonhoitaja<\/strong>\n                      <br>Birgitta Korhonen<\/p>\n                    <p>\n                      <br>\n                    <\/p>\n                  <\/div>\n                <\/div>\n              <\/div>\n            <\/div>\n          <\/div>\n        <\/div>\n      <\/div>\n      <div data-colibri-id=\"4858-c9\" class=\"h-row-container gutters-row-lg-2 gutters-row-md-2 gutters-row-0 gutters-row-v-lg-2 gutters-row-v-md-2 gutters-row-v-2 style-1330 style-local-4858-c9 position-relative\">\n        <!---->\n        <div class=\"h-row justify-content-lg-center justify-content-md-center justify-content-center align-items-lg-stretch align-items-md-stretch align-items-stretch gutters-col-lg-2 gutters-col-md-2 gutters-col-0 gutters-col-v-lg-2 gutters-col-v-md-2 gutters-col-v-2\">\n          <!---->\n          <div class=\"h-column h-column-container d-flex h-col-lg-auto h-col-md-auto h-col-auto style-1331-outer style-local-4858-c10-outer\">\n            <div data-colibri-id=\"4858-c10\" class=\"d-flex h-flex-basis h-column__inner h-px-lg-2 h-px-md-2 h-px-2 v-inner-lg-2 v-inner-md-2 v-inner-2 style-1331 style-local-4858-c10 position-relative\">\n              <!---->\n              <!---->\n              <div class=\"w-100 h-y-container h-column__content h-column__v-align flex-basis-100 align-self-lg-start align-self-md-start align-self-start\">\n                <!---->\n                <div data-colibri-id=\"4858-c11\" class=\"style-1332 style-local-4858-c11 position-relative h-element\">\n                  <!---->\n                  <div class=\"\"><!-- myClub embed JS - start -->\r\n<div class=\"myclub-embed\" data-url=\"https:\/\/toijalanpallo49.myclub.fi\/groups\/55427\/event_embeds\/37178?token=59be67b80914bab48c63ec9cef1b8b26344e973c\"><\/div>\r\n<script>(function(d, s, id) { var js, mjs = d.getElementsByTagName(s)[0]; if (d.getElementById(id)) return; js = d.createElement(s); js.id = id; js.async = true; js.src = \"https:\/\/d2ubdm6yoox6gh.cloudfront.net\/assets\/myclub-embed.js\"; mjs.parentNode.insertBefore(js, mjs); }(document, 'script', 'myclub-embed-js'));<\/script>\r\n<!-- myClub embed JS - end -->\r\n<\/div>\n                <\/div>\n              <\/div>\n            <\/div>\n          <\/div>\n        <\/div>\n      <\/div>\n    <\/div>\n  <\/div>\n<\/div>","protected":false},"excerpt":{"rendered":"<p>Harjoittelemme kes\u00e4kaudella jalkapalloa kolmesti viikossa TP-49 Areenalla. Osallistumme sarjapeleihin kolmella eri tasolla vaihtelevilla peliryhmill\u00e4, jotta jokaiselle pelaajalle l\u00f6ytyy sopivan&nbsp;tasoinen ja motivoiva peliryhm\u00e4. Turnaukset ovat my\u00f6s osa kes\u00e4kautta: tavoitteena on osallistua&nbsp;1\u20133 turnaukseen ymp\u00e4ri Suomen, erityisesti ymp\u00e4rist\u00f6kuntien ja kaupunkien alueella.&nbsp;Talvikaudella siirrymme futsalin pariin, jolloin harjoittelemme kahdesti viikossa ja osallistumme&nbsp;sarjatoimintaan samalla monitasoisella mallilla. Pelaajia joukkueessamme on t\u00e4ll\u00e4 hetkell\u00e4 [&hellip;]<\/p>\n","protected":false},"author":6,"featured_media":0,"parent":498,"menu_order":0,"comment_status":"closed","ping_status":"closed","template":"page-templates\/full-width-page.php","meta":{"ngg_post_thumbnail":0,"footnotes":""},"class_list":["post-4858","page","type-page","status-publish","hentry"],"_links":{"self":[{"href":"https:\/\/www.tp-49.fi\/index.php\/wp-json\/wp\/v2\/pages\/4858","targetHints":{"allow":["GET"]}}],"collection":[{"href":"https:\/\/www.tp-49.fi\/index.php\/wp-json\/wp\/v2\/pages"}],"about":[{"href":"https:\/\/www.tp-49.fi\/index.php\/wp-json\/wp\/v2\/types\/page"}],"author":[{"embeddable":true,"href":"https:\/\/www.tp-49.fi\/index.php\/wp-json\/wp\/v2\/users\/6"}],"replies":[{"embeddable":true,"href":"https:\/\/www.tp-49.fi\/index.php\/wp-json\/wp\/v2\/comments?post=4858"}],"version-history":[{"count":4,"href":"https:\/\/www.tp-49.fi\/index.php\/wp-json\/wp\/v2\/pages\/4858\/revisions"}],"predecessor-version":[{"id":5370,"href":"https:\/\/www.tp-49.fi\/index.php\/wp-json\/wp\/v2\/pages\/4858\/revisions\/5370"}],"up":[{"embeddable":true,"href":"https:\/\/www.tp-49.fi\/index.php\/wp-json\/wp\/v2\/pages\/498"}],"wp:attachment":[{"href":"https:\/\/www.tp-49.fi\/index.php\/wp-json\/wp\/v2\/media?parent=4858"}],"curies":[{"name":"wp","href":"https:\/\/api.w.org\/{rel}","templated":true}]}}