{"id":4824,"date":"2025-10-03T08:43:24","date_gmt":"2025-10-03T05:43:24","guid":{"rendered":"https:\/\/www.tp-49.fi\/?page_id=4824"},"modified":"2025-10-24T18:37:52","modified_gmt":"2025-10-24T15:37:52","slug":"t2014","status":"publish","type":"page","link":"https:\/\/www.tp-49.fi\/index.php\/joukkueet\/t2014\/","title":{"rendered":"T2014-2015"},"content":{"rendered":"<div data-colibri-id=\"4824-c1\" class=\"style-1254 style-local-4824-c1 position-relative\">\n  <!---->\n  <div data-colibri-component=\"section\" data-colibri-id=\"4824-c2\" id=\"initial-content\" class=\"h-section h-section-global-spacing d-flex align-items-lg-center align-items-md-center align-items-center style-1255 style-local-4824-c2 position-relative\">\n    <!---->\n    <!---->\n    <div class=\"h-section-grid-container h-section-boxed-container\">\n      <!---->\n      <div data-colibri-id=\"4824-c3\" class=\"h-row-container gutters-row-lg-2 gutters-row-md-2 gutters-row-0 gutters-row-v-lg-2 gutters-row-v-md-2 gutters-row-v-2 style-1256 style-local-4824-c3 position-relative\">\n        <!---->\n        <div class=\"h-row justify-content-lg-center justify-content-md-center justify-content-center align-items-lg-stretch align-items-md-stretch align-items-stretch gutters-col-lg-2 gutters-col-md-2 gutters-col-0 gutters-col-v-lg-2 gutters-col-v-md-2 gutters-col-v-2\">\n          <!---->\n          <div class=\"h-column h-column-container d-flex h-col-lg-auto h-col-md-auto h-col-auto style-1257-outer style-local-4824-c4-outer\">\n            <div data-colibri-id=\"4824-c4\" class=\"d-flex h-flex-basis h-column__inner h-px-lg-2 h-px-md-2 h-px-2 v-inner-lg-2 v-inner-md-2 v-inner-2 style-1257 style-local-4824-c4 position-relative\">\n              <!---->\n              <!---->\n              <div class=\"w-100 h-y-container h-column__content h-column__v-align flex-basis-100 align-self-lg-start align-self-md-start align-self-start\">\n                <!---->\n                <div data-colibri-id=\"4824-c5\" class=\"d-block style-1258 style-local-4824-c5 position-relative h-element\">\n                  <!---->\n                  <div class=\"h-image__frame-container-outer\">\n                    <div class=\"h-image__frame-container\">\n                      <!---->\n                      <!---->\n                      <img loading=\"lazy\" decoding=\"async\" width=\"2000\" height=\"1333\" src=\"https:\/\/www.tp-49.fi\/wp-content\/uploads\/2025\/10\/Akaa-YJ-T2014-2015-2025.jpg\" class=\"wp-image-4827 style-1258-image style-local-4824-c5-image\" alt=\"Akaa YJ T2014-2015 2025 ryhm\u00e4kuva\" srcset=\"https:\/\/www.tp-49.fi\/wp-content\/uploads\/2025\/10\/Akaa-YJ-T2014-2015-2025.jpg 2000w, https:\/\/www.tp-49.fi\/wp-content\/uploads\/2025\/10\/Akaa-YJ-T2014-2015-2025-300x200.jpg 300w, https:\/\/www.tp-49.fi\/wp-content\/uploads\/2025\/10\/Akaa-YJ-T2014-2015-2025-1024x682.jpg 1024w, https:\/\/www.tp-49.fi\/wp-content\/uploads\/2025\/10\/Akaa-YJ-T2014-2015-2025-768x512.jpg 768w, https:\/\/www.tp-49.fi\/wp-content\/uploads\/2025\/10\/Akaa-YJ-T2014-2015-2025-1536x1024.jpg 1536w\" sizes=\"auto, (max-width: 2000px) 100vw, 2000px\" \/>\n                      <div class=\"h-image__frame h-hide-lg h-hide-md h-hide-sm style-1258-frameImage style-local-4824-c5-frameImage\"><\/div>\n                    <\/div>\n                  <\/div>\n                <\/div>\n                <div data-colibri-id=\"4824-c6\" class=\"d-block style-1258 style-local-4824-c6 position-relative h-element\">\n                  <!---->\n                  <div class=\"h-image__frame-container-outer\">\n                    <div class=\"h-image__frame-container\">\n                      <!---->\n                      <!---->\n                      <img decoding=\"async\" src=\"https:\/\/www.tp-49.fi\/wp-content\/uploads\/2025\/05\/2015-150x150.png\" class=\"style-1258-image style-local-4824-c6-image\">\n                      <div class=\"h-image__frame h-hide-lg h-hide-md h-hide-sm style-1258-frameImage style-local-4824-c6-frameImage\"><\/div>\n                    <\/div>\n                  <\/div>\n                <\/div>\n                <div data-colibri-id=\"4824-c7\" class=\"h-text h-text-component style-1259 style-local-4824-c7 position-relative h-element\">\n                  <!---->\n                  <!---->\n                  <div class=\"\">\n                    <p>Harjoittelemme kolme kertaa viikossa sek\u00e4 TP-49 Areenalla (Lastum\u00e4en tekonurmikentt\u00e4) sek\u00e4 Viialassa tekonurmikent\u00e4ll\u00e4. Pelaamme kolmella joukkueella Palloliiton l\u00e4ntisen alueen sarjoissa. Sarjapelien lis\u00e4ksi kierr\u00e4mme erillisturnauksissa\n                      ymp\u00e4ri Suomen kes\u00e4n aikana 4-6 kertaa peliryhm\u00e4st\u00e4 riippuen.<\/p>\n                    <p>Pelaajia joukkueessamme on t\u00e4ll\u00e4 hetkell\u00e4 29. Toivomme jatkuvasti lis\u00e4\u00e4 pelaajia joukkueeseemme, jotta kaikille voidaan tarjota oman tasoista harrastus- ja kilpailutoimintaa. Vanhemmat ovat tervetulleita toimihenkil\u00f6porukkaamme mukaan!<\/p>\n                    <p>Tahtotilanamme on tarjota 2014-2015 syntyneille Akaan alueen tyt\u00f6ille liikunnan riemua jalkapallon muodossa sek\u00e4 kilpailullisesti ett\u00e4 harrasteenomaisesti. Aiempaa osaamista tai lajiharjoittelua ei tarvita, vaan asenne ratkaisee ja\n                      sit\u00e4 meid\u00e4n tyt\u00f6ilt\u00e4 l\u00f6ytyy! Teemme ty\u00f6t\u00e4 vapaaehtoisvoimin ja toivommekin my\u00f6s vanhemmilta aktiivista otetta erilaisiin joukkueen tapahtumiin, kuten kioskeihin ja turnausreissuille. Katseemme on jo tulevaisuudessa: tehd\u00e4\u00e4n t\u00e4n\u00e4\u00e4n\n                      huomisen onnistumisia! Mik\u00e4li harrastaminen kiinnostaa, ota rohkeasti yhteytt\u00e4 toimihenkil\u00f6st\u00f6\u00f6mme!<\/p>\n                    <p><strong>Joukkueenjohtaja<\/strong>\n                      <br>Joonas M\u00e4kinen\n                      <br>WhatsApp\/0504022278\n                      <br> joonasmaekinen@gmail.com<\/p>\n                    <p><strong>Vastuuvalmentaja<\/strong>\n                      <br>Saku Tapoj\u00e4rvi\n                      <br>WhatsApp\/0509112825\n                      <br>saku.tapojarvi@gmail.com\n                      <br>\n                      <br><strong>Valmentaja<\/strong>\n                      <br>Jaakko Yli-Koivisto\n                      <br>Johanna Sakko\n                      <br>Janne Rissanen<\/p>\n                    <p><strong>Rahastonhoitaja<\/strong>\n                      <br>Hanna Hautam\u00e4ki<\/p>\n                    <p><strong>Varustevastaava<\/strong>\n                      <br>Sanna-Kaisa M\u00e4nnist\u00f6<\/p>\n                    <p><strong>Kioskivastaava<\/strong>\n                      <br>Jenni Kallioinen<\/p>\n                  <\/div>\n                <\/div>\n              <\/div>\n            <\/div>\n          <\/div>\n        <\/div>\n      <\/div>\n      <div data-colibri-id=\"4824-c8\" class=\"h-row-container gutters-row-lg-2 gutters-row-md-2 gutters-row-0 gutters-row-v-lg-2 gutters-row-v-md-2 gutters-row-v-2 style-1260 style-local-4824-c8 position-relative\">\n        <!---->\n        <div class=\"h-row justify-content-lg-center justify-content-md-center justify-content-center align-items-lg-stretch align-items-md-stretch align-items-stretch gutters-col-lg-2 gutters-col-md-2 gutters-col-0 gutters-col-v-lg-2 gutters-col-v-md-2 gutters-col-v-2\">\n          <!---->\n          <div class=\"h-column h-column-container d-flex h-col-lg-auto h-col-md-auto h-col-auto style-1261-outer style-local-4824-c9-outer\">\n            <div data-colibri-id=\"4824-c9\" class=\"d-flex h-flex-basis h-column__inner h-px-lg-2 h-px-md-2 h-px-2 v-inner-lg-2 v-inner-md-2 v-inner-2 style-1261 style-local-4824-c9 position-relative\">\n              <!---->\n              <!---->\n              <div class=\"w-100 h-y-container h-column__content h-column__v-align flex-basis-100 align-self-lg-start align-self-md-start align-self-start\">\n                <!---->\n                <div data-colibri-id=\"4824-c10\" class=\"style-1326 style-local-4824-c10 position-relative h-element\">\n                  <!---->\n                  <div class=\"\"><!-- myClub embed JS - start -->\r\n<div class=\"myclub-embed\" data-url=\"https:\/\/toijalanpallo49.myclub.fi\/groups\/61304\/event_embeds\/37182?token=6986ca4d4ab35f85c208afa4a4ca491b1f731a3b\"><\/div>\r\n<script>(function(d, s, id) { var js, mjs = d.getElementsByTagName(s)[0]; if (d.getElementById(id)) return; js = d.createElement(s); js.id = id; js.async = true; js.src = \"https:\/\/d2ubdm6yoox6gh.cloudfront.net\/assets\/myclub-embed.js\"; mjs.parentNode.insertBefore(js, mjs); }(document, 'script', 'myclub-embed-js'));<\/script>\r\n<!-- myClub embed JS - end -->\r\n<\/div>\n                <\/div>\n                <div data-colibri-id=\"4824-c11\" class=\"style-1319 style-local-4824-c11 position-relative h-element\">\n                  <!---->\n                  <div class=\"\"><iframe loading=\"lazy\" src=\"https:\/\/www.instagram.com\/akaayj_t2014\/embed\" width=\"340\" height=\"500\" style=\"border:none;overflow:hidden\" scrolling=\"no\" frameborder=\"0\" allowfullscreen=\"true\" allow=\"autoplay; clipboard-write; encrypted-media; picture-in-picture; web-share\"><\/iframe><\/div>\n                <\/div>\n              <\/div>\n            <\/div>\n          <\/div>\n        <\/div>\n      <\/div>\n    <\/div>\n  <\/div>\n<\/div>","protected":false},"excerpt":{"rendered":"<p>Harjoittelemme kolme kertaa viikossa sek\u00e4 TP-49 Areenalla (Lastum\u00e4en tekonurmikentt\u00e4) sek\u00e4 Viialassa tekonurmikent\u00e4ll\u00e4. Pelaamme kolmella joukkueella Palloliiton l\u00e4ntisen alueen sarjoissa. Sarjapelien lis\u00e4ksi kierr\u00e4mme erillisturnauksissa ymp\u00e4ri Suomen kes\u00e4n aikana 4-6 kertaa peliryhm\u00e4st\u00e4 riippuen. Pelaajia joukkueessamme on t\u00e4ll\u00e4 hetkell\u00e4 29. Toivomme jatkuvasti lis\u00e4\u00e4 pelaajia joukkueeseemme, jotta kaikille voidaan tarjota oman tasoista harrastus- ja kilpailutoimintaa. Vanhemmat ovat tervetulleita toimihenkil\u00f6porukkaamme [&hellip;]<\/p>\n","protected":false},"author":6,"featured_media":0,"parent":498,"menu_order":0,"comment_status":"closed","ping_status":"closed","template":"page-templates\/full-width-page.php","meta":{"ngg_post_thumbnail":0,"footnotes":""},"class_list":["post-4824","page","type-page","status-publish","hentry"],"_links":{"self":[{"href":"https:\/\/www.tp-49.fi\/index.php\/wp-json\/wp\/v2\/pages\/4824","targetHints":{"allow":["GET"]}}],"collection":[{"href":"https:\/\/www.tp-49.fi\/index.php\/wp-json\/wp\/v2\/pages"}],"about":[{"href":"https:\/\/www.tp-49.fi\/index.php\/wp-json\/wp\/v2\/types\/page"}],"author":[{"embeddable":true,"href":"https:\/\/www.tp-49.fi\/index.php\/wp-json\/wp\/v2\/users\/6"}],"replies":[{"embeddable":true,"href":"https:\/\/www.tp-49.fi\/index.php\/wp-json\/wp\/v2\/comments?post=4824"}],"version-history":[{"count":7,"href":"https:\/\/www.tp-49.fi\/index.php\/wp-json\/wp\/v2\/pages\/4824\/revisions"}],"predecessor-version":[{"id":5475,"href":"https:\/\/www.tp-49.fi\/index.php\/wp-json\/wp\/v2\/pages\/4824\/revisions\/5475"}],"up":[{"embeddable":true,"href":"https:\/\/www.tp-49.fi\/index.php\/wp-json\/wp\/v2\/pages\/498"}],"wp:attachment":[{"href":"https:\/\/www.tp-49.fi\/index.php\/wp-json\/wp\/v2\/media?parent=4824"}],"curies":[{"name":"wp","href":"https:\/\/api.w.org\/{rel}","templated":true}]}}