{"id":3575,"date":"2022-05-09T09:15:56","date_gmt":"2022-05-09T06:15:56","guid":{"rendered":"http:\/\/www.tp-49.fi\/?page_id=3575"},"modified":"2025-11-02T09:20:19","modified_gmt":"2025-11-02T07:20:19","slug":"p2015","status":"publish","type":"page","link":"https:\/\/www.tp-49.fi\/index.php\/joukkueet\/p2015\/","title":{"rendered":"P2015"},"content":{"rendered":"<div data-colibri-id=\"3575-c1\" class=\"style-1172 style-local-3575-c1 position-relative\">\r\n  <!---->\r\n  <div data-colibri-component=\"section\" data-colibri-id=\"3575-c2\" id=\"initial-content\" class=\"h-section h-section-global-spacing d-flex align-items-lg-center align-items-md-center align-items-center style-1173 style-local-3575-c2 position-relative\">\r\n    <!---->\r\n    <!---->\r\n    <div class=\"h-section-grid-container h-section-boxed-container\">\r\n      <!---->\r\n      <div data-colibri-id=\"3575-c3\" class=\"h-row-container gutters-row-lg-2 gutters-row-md-2 gutters-row-0 gutters-row-v-lg-2 gutters-row-v-md-2 gutters-row-v-2 style-1189 style-local-3575-c3 position-relative\">\r\n        <!---->\r\n        <div class=\"h-row justify-content-lg-center justify-content-md-center justify-content-center align-items-lg-stretch align-items-md-stretch align-items-stretch gutters-col-lg-2 gutters-col-md-2 gutters-col-0 gutters-col-v-lg-2 gutters-col-v-md-2 gutters-col-v-2\">\r\n          <!---->\r\n          <div class=\"h-column h-column-container d-flex h-col-lg-auto h-col-md-auto h-col-auto style-1190-outer style-local-3575-c4-outer\">\r\n            <div data-colibri-id=\"3575-c4\" class=\"d-flex h-flex-basis h-column__inner h-px-lg-2 h-px-md-2 h-px-2 v-inner-lg-2 v-inner-md-2 v-inner-2 style-1190 style-local-3575-c4 position-relative\">\r\n              <!---->\r\n              <!---->\r\n              <div class=\"w-100 h-y-container h-column__content h-column__v-align flex-basis-100 align-self-lg-start align-self-md-start align-self-start\">\r\n                <!---->\r\n                <div data-colibri-id=\"3575-c5\" class=\"d-block style-1183 style-local-3575-c5 position-relative h-element\">\r\n                  <!---->\r\n                  <div class=\"h-image__frame-container-outer\">\r\n                    <div class=\"h-image__frame-container\">\r\n                      <!---->\r\n                      <!---->\r\n                      <img loading=\"lazy\" decoding=\"async\" width=\"2000\" height=\"1333\" src=\"https:\/\/www.tp-49.fi\/wp-content\/uploads\/2025\/10\/Akaa-YJ-P2015-2025.jpg\" class=\"wp-image-4899 style-1183-image style-local-3575-c5-image\" alt=\"Akaa YJ P2015 2025 ryhm\u00e4kuva\" srcset=\"https:\/\/www.tp-49.fi\/wp-content\/uploads\/2025\/10\/Akaa-YJ-P2015-2025.jpg 2000w, https:\/\/www.tp-49.fi\/wp-content\/uploads\/2025\/10\/Akaa-YJ-P2015-2025-300x200.jpg 300w, https:\/\/www.tp-49.fi\/wp-content\/uploads\/2025\/10\/Akaa-YJ-P2015-2025-1024x682.jpg 1024w, https:\/\/www.tp-49.fi\/wp-content\/uploads\/2025\/10\/Akaa-YJ-P2015-2025-768x512.jpg 768w, https:\/\/www.tp-49.fi\/wp-content\/uploads\/2025\/10\/Akaa-YJ-P2015-2025-1536x1024.jpg 1536w\" sizes=\"auto, (max-width: 2000px) 100vw, 2000px\" \/>\r\n                      <div class=\"h-image__frame h-hide-lg h-hide-md h-hide-sm style-1183-frameImage style-local-3575-c5-frameImage\"><\/div>\r\n                    <\/div>\r\n                  <\/div>\r\n                <\/div>\r\n                <div data-colibri-id=\"3575-c6\" class=\"d-block style-1183 style-local-3575-c6 position-relative h-element\">\r\n                  <!---->\r\n                  <div class=\"h-image__frame-container-outer\">\r\n                    <div class=\"h-image__frame-container\">\r\n                      <!---->\r\n                      <!---->\r\n                      <img decoding=\"async\" src=\"https:\/\/www.tp-49.fi\/wp-content\/uploads\/2025\/05\/2015-150x150.png\" class=\"style-1183-image style-local-3575-c6-image\">\r\n                      <div class=\"h-image__frame h-hide-lg h-hide-md h-hide-sm style-1183-frameImage style-local-3575-c6-frameImage\"><\/div>\r\n                    <\/div>\r\n                  <\/div>\r\n                <\/div>\r\n                <div data-colibri-id=\"3575-c7\" class=\"h-text h-text-component style-1188 style-local-3575-c7 position-relative h-element\">\r\n                  <!---->\r\n                  <!---->\r\n                  <div class=\"\">\r\n                    <p>P2015 on 2015 syntyneiden poikien joukkue. Treenaamme jalkapallokaudella 2-3 kertaa viikossa TP-49 Areenalla Toijalassa sek\u00e4 Viialan tekonurmella. Kes\u00e4ll\u00e4 osallistumme Palloliiton sarjoihin kahden joukkueen voimin.\r\n                      <br>\r\n                      <br>Talvikaudella harjoittelemme futsalia Monitoimihallilla ja Akaa-Areenalla sek\u00e4 pelaamme futsalia sarjatasoilla.\r\n                      <br>Joukkueessa on t\u00e4ll\u00e4 hetkell\u00e4 reilu 20 innokasta palloilijaa.\r\n                      <br>\r\n                      <br>Otamme mielell\u00e4mme toimintaan uusia pelaajia sek\u00e4 toimihenkil\u00f6it\u00e4. Mukaan voi tulla mihin aikaan vuodesta vain.\r\n                      <br>Ota rohkeasti yhteytt\u00e4 joukkueenjohtajaan.<\/p>\r\n                    <p>\r\n                      <a href=\"https:\/\/www.instagram.com\/akaayj_p2015\" style=\"font-weight: 800;\" class=\"customize-unpreviewable\"><strong>Voit seurata meit\u00e4 Instagramissa.<br><\/strong><\/a><strong style=\"font-weight: 800;\"><br><\/strong><\/p>\r\n                  <\/div>\r\n                <\/div>\r\n              <\/div>\r\n            <\/div>\r\n          <\/div>\r\n        <\/div>\r\n      <\/div>\r\n      <div data-colibri-id=\"3575-c14\" class=\"h-row-container gutters-row-lg-2 gutters-row-md-2 gutters-row-0 gutters-row-v-lg-2 gutters-row-v-md-2 gutters-row-v-2 style-1371 style-local-3575-c14 position-relative\">\r\n        <!---->\r\n        <div class=\"h-row justify-content-lg-center justify-content-md-center justify-content-center align-items-lg-stretch align-items-md-stretch align-items-stretch gutters-col-lg-2 gutters-col-md-2 gutters-col-0 gutters-col-v-lg-2 gutters-col-v-md-2 gutters-col-v-2\">\r\n          <!---->\r\n          <div class=\"h-column h-column-container d-flex h-col-lg-auto h-col-md-auto h-col-auto style-1372-outer style-local-3575-c15-outer\">\r\n            <div data-colibri-id=\"3575-c15\" class=\"d-flex h-flex-basis h-column__inner h-px-lg-2 h-px-md-2 h-px-2 v-inner-lg-2 v-inner-md-2 v-inner-2 style-1372 style-local-3575-c15 position-relative\">\r\n              <!---->\r\n              <!---->\r\n              <div class=\"w-100 h-y-container h-column__content h-column__v-align flex-basis-100 align-self-lg-start align-self-md-start align-self-start\">\r\n                <!---->\r\n                <div data-colibri-id=\"3575-c16\" class=\"h-text h-text-component style-1373 style-local-3575-c16 position-relative h-element\">\r\n                  <!---->\r\n                  <!---->\r\n                  <div class=\"\">\r\n                    <p><strong style=\"color: rgb(83, 64, 64); font-family: &quot;Open Sans&quot;; font-size: 16px; font-weight: 800;\">Joukkueenjohtaja ja valmentaja<\/strong><strong style=\"font-weight: 800;\"><br><\/strong><span style=\"font-weight: 400; font-size: 16px; font-family: &quot;Open Sans&quot;; color: rgb(83, 64, 64);\">Mikko Vehmaa<\/span>\r\n                      <strong\r\n                        style=\"font-weight: 800;\">\r\n                        <br>\r\n                        <\/strong><span style=\"font-weight: 400; color: rgb(83, 64, 64); font-family: &quot;Open Sans&quot;; font-size: 16px;\">p. 040 964 8966<\/span><strong style=\"font-weight: 800;\"><br><\/strong><span style=\"font-weight: 400; color: rgb(83, 64, 64); font-family: &quot;Open Sans&quot;; font-size: 16px;\">viipv2015@gmail.com<\/span>\r\n                        <strong\r\n                          style=\"font-weight: 800;\">\r\n                          <br>\r\n                          <br>Vastuuvalmentaja\r\n                          <br>\r\n                          <\/strong>Henri M\u00e4kinen<strong style=\"font-weight: 800;\"><br>Valmentaja<\/strong><span style=\"font-size: 16px; font-family: &quot;Open Sans&quot;; color: rgb(83, 64, 64); font-weight: 400;\"><br>Joonas M\u00e4\u00e4tt\u00e4<\/span><\/p>\r\n                    <p>\r\n                      <br>\r\n                    <\/p>\r\n                  <\/div>\r\n                <\/div>\r\n              <\/div>\r\n            <\/div>\r\n          <\/div>\r\n        <\/div>\r\n      <\/div>\r\n      <div data-colibri-id=\"3575-c8\" class=\"h-row-container gutters-row-lg-2 gutters-row-md-2 gutters-row-0 gutters-row-v-lg-2 gutters-row-v-md-2 gutters-row-v-2 style-1335 style-local-3575-c8 position-relative\">\r\n        <!---->\r\n        <div class=\"h-row justify-content-lg-center justify-content-md-center justify-content-center align-items-lg-stretch align-items-md-stretch align-items-stretch gutters-col-lg-2 gutters-col-md-2 gutters-col-0 gutters-col-v-lg-2 gutters-col-v-md-2 gutters-col-v-2\">\r\n          <!---->\r\n          <div class=\"h-column h-column-container d-flex h-col-lg-auto h-col-md-auto h-col-auto style-1336-outer style-local-3575-c9-outer\">\r\n            <div data-colibri-id=\"3575-c9\" class=\"d-flex h-flex-basis h-column__inner h-px-lg-2 h-px-md-2 h-px-2 v-inner-lg-2 v-inner-md-2 v-inner-2 style-1336 style-local-3575-c9 position-relative\">\r\n              <!---->\r\n              <!---->\r\n              <div class=\"w-100 h-y-container h-column__content h-column__v-align flex-basis-100 align-self-lg-start align-self-md-start align-self-start\">\r\n                <!---->\r\n                <div data-colibri-id=\"3575-c10\" class=\"style-1337 style-local-3575-c10 position-relative h-element\">\r\n                  <!---->\r\n                  <div class=\"\"><!-- Shortcode [p2015_myclub] does not exist --><\/div>\r\n                <\/div>\r\n              <\/div>\r\n            <\/div>\r\n          <\/div>\r\n        <\/div>\r\n      <\/div>\r\n      <div data-colibri-id=\"3575-c11\" class=\"h-row-container gutters-row-lg-2 gutters-row-md-2 gutters-row-0 gutters-row-v-lg-2 gutters-row-v-md-2 gutters-row-v-2 style-1191 style-local-3575-c11 position-relative\">\r\n        <!---->\r\n        <div class=\"h-row justify-content-lg-center justify-content-md-center justify-content-center align-items-lg-stretch align-items-md-stretch align-items-stretch gutters-col-lg-2 gutters-col-md-2 gutters-col-0 gutters-col-v-lg-2 gutters-col-v-md-2 gutters-col-v-2\">\r\n          <!---->\r\n          <div class=\"h-column h-column-container d-flex h-col-lg-auto h-col-md-auto h-col-auto style-1192-outer style-local-3575-c12-outer\">\r\n            <div data-colibri-id=\"3575-c12\" class=\"d-flex h-flex-basis h-column__inner h-px-lg-2 h-px-md-2 h-px-2 v-inner-lg-2 v-inner-md-2 v-inner-2 style-1192 style-local-3575-c12 position-relative\">\r\n              <!---->\r\n              <!---->\r\n              <div class=\"w-100 h-y-container h-column__content h-column__v-align flex-basis-100 align-self-lg-start align-self-md-start align-self-start\">\r\n                <!---->\r\n                <div data-colibri-id=\"3575-c13\" class=\"style-1301 style-local-3575-c13 position-relative h-element\">\r\n                  <!---->\r\n                  <div class=\"\"><iframe loading=\"lazy\" src=\"https:\/\/www.instagram.com\/akaayj_p2015\/embed\" width=\"340\" height=\"500\" style=\"border:none;overflow:hidden\" scrolling=\"no\" frameborder=\"0\" allowfullscreen=\"true\" allow=\"autoplay; clipboard-write; encrypted-media; picture-in-picture; web-share\"><\/iframe><\/div>\r\n                <\/div>\r\n              <\/div>\r\n            <\/div>\r\n          <\/div>\r\n        <\/div>\r\n      <\/div>\r\n    <\/div>\r\n  <\/div>\r\n<\/div>","protected":false},"excerpt":{"rendered":"<p>P2015 on 2015 syntyneiden poikien joukkue. Treenaamme jalkapallokaudella 2-3 kertaa viikossa TP-49 Areenalla Toijalassa sek\u00e4 Viialan tekonurmella. Kes\u00e4ll\u00e4 osallistumme Palloliiton sarjoihin kahden joukkueen voimin. Talvikaudella harjoittelemme futsalia Monitoimihallilla ja Akaa-Areenalla sek\u00e4 pelaamme futsalia sarjatasoilla. Joukkueessa on t\u00e4ll\u00e4 hetkell\u00e4 reilu 20 innokasta palloilijaa. Otamme mielell\u00e4mme toimintaan uusia pelaajia sek\u00e4 toimihenkil\u00f6it\u00e4. Mukaan voi tulla mihin aikaan vuodesta [&hellip;]<\/p>\n","protected":false},"author":8,"featured_media":0,"parent":498,"menu_order":0,"comment_status":"closed","ping_status":"closed","template":"page-templates\/full-width-page.php","meta":{"ngg_post_thumbnail":0,"footnotes":""},"class_list":["post-3575","page","type-page","status-publish","hentry"],"_links":{"self":[{"href":"https:\/\/www.tp-49.fi\/index.php\/wp-json\/wp\/v2\/pages\/3575","targetHints":{"allow":["GET"]}}],"collection":[{"href":"https:\/\/www.tp-49.fi\/index.php\/wp-json\/wp\/v2\/pages"}],"about":[{"href":"https:\/\/www.tp-49.fi\/index.php\/wp-json\/wp\/v2\/types\/page"}],"author":[{"embeddable":true,"href":"https:\/\/www.tp-49.fi\/index.php\/wp-json\/wp\/v2\/users\/8"}],"replies":[{"embeddable":true,"href":"https:\/\/www.tp-49.fi\/index.php\/wp-json\/wp\/v2\/comments?post=3575"}],"version-history":[{"count":20,"href":"https:\/\/www.tp-49.fi\/index.php\/wp-json\/wp\/v2\/pages\/3575\/revisions"}],"predecessor-version":[{"id":5356,"href":"https:\/\/www.tp-49.fi\/index.php\/wp-json\/wp\/v2\/pages\/3575\/revisions\/5356"}],"up":[{"embeddable":true,"href":"https:\/\/www.tp-49.fi\/index.php\/wp-json\/wp\/v2\/pages\/498"}],"wp:attachment":[{"href":"https:\/\/www.tp-49.fi\/index.php\/wp-json\/wp\/v2\/media?parent=3575"}],"curies":[{"name":"wp","href":"https:\/\/api.w.org\/{rel}","templated":true}]}}