{"id":1840,"date":"2021-09-15T14:02:23","date_gmt":"2021-09-15T11:02:23","guid":{"rendered":"http:\/\/www.tp-49.fi\/?page_id=1840"},"modified":"2025-10-02T11:41:29","modified_gmt":"2025-10-02T08:41:29","slug":"3v3-ja-4v4","status":"publish","type":"page","link":"https:\/\/www.tp-49.fi\/index.php\/harjoituspankki\/3v3-ja-4v4\/","title":{"rendered":"3v3 ja 4v4"},"content":{"rendered":"<div data-colibri-id=\"1840-c1\" class=\"style-835 style-local-1840-c1 position-relative\">\n  <!---->\n  <div data-colibri-component=\"section\" data-colibri-id=\"1840-c2\" id=\"custom\" class=\"h-section h-section-global-spacing d-flex align-items-lg-center align-items-md-center align-items-center style-836 style-local-1840-c2 position-relative\">\n    <!---->\n    <!---->\n    <div class=\"h-section-grid-container h-section-boxed-container\">\n      <!---->\n      <div data-colibri-id=\"1840-c3\" class=\"h-row-container gutters-row-lg-2 gutters-row-md-2 gutters-row-0 gutters-row-v-lg-2 gutters-row-v-md-2 gutters-row-v-2 style-837 style-local-1840-c3 position-relative\">\n        <!---->\n        <div class=\"h-row justify-content-lg-center justify-content-md-center justify-content-center align-items-lg-stretch align-items-md-stretch align-items-stretch gutters-col-lg-2 gutters-col-md-2 gutters-col-0 gutters-col-v-lg-2 gutters-col-v-md-2 gutters-col-v-2\">\n          <!---->\n          <div class=\"h-column h-column-container d-flex h-col-lg-auto h-col-md-auto h-col-auto style-838-outer style-local-1840-c4-outer\">\n            <div data-colibri-id=\"1840-c4\" class=\"d-flex h-flex-basis h-column__inner h-px-lg-2 h-px-md-2 h-px-2 v-inner-lg-2 v-inner-md-2 v-inner-2 style-838 style-local-1840-c4 position-relative\">\n              <!---->\n              <!---->\n              <div class=\"w-100 h-y-container h-column__content h-column__v-align flex-basis-100 align-self-lg-start align-self-md-start align-self-start\">\n                <!---->\n                <div data-colibri-id=\"1840-c5\" class=\"h-x-container style-843 style-local-1840-c5 position-relative h-element\">\n                  <!---->\n                  <div class=\"h-x-container-inner style-dynamic-1840-c5-group style-843-spacing style-local-1840-c5-spacing\"><span class=\"h-button__outer style-844-outer style-local-1840-c6-outer d-inline-flex h-element\"><a h-use-smooth-scroll=\"true\" href=\"https:\/\/www.tp-49.fi\/wp-content\/uploads\/2021\/09\/4v2-pallonhallinta.pdf\"  data-colibri-id=\"1840-c6\" class=\"d-flex w-100 align-items-center h-button justify-content-lg-center justify-content-md-center justify-content-center style-844 style-local-1840-c6 position-relative\"><!----><!----> <span>4v2 -pallonhallinta<\/span><\/a>\n                    <\/span>\n                  <\/div>\n                <\/div>\n                <div data-colibri-id=\"1840-c7\" class=\"h-x-container style-853 style-local-1840-c7 position-relative h-element\">\n                  <!---->\n                  <div class=\"h-x-container-inner style-dynamic-1840-c7-group style-853-spacing style-local-1840-c7-spacing\"><span class=\"h-button__outer style-854-outer style-local-1840-c8-outer d-inline-flex h-element\"><a h-use-smooth-scroll=\"true\" href=\"https:\/\/www.tp-49.fi\/wp-content\/uploads\/2021\/09\/3v3-nelja\u0308a\u0308n-maaliin-pelin-leveys.pdf\"  data-colibri-id=\"1840-c8\" class=\"d-flex w-100 align-items-center h-button justify-content-lg-center justify-content-md-center justify-content-center style-854 style-local-1840-c8 position-relative\"><!----><!----> <span>3v3 nelj\u00e4\u00e4n eriv\u00e4riseen maaliin (pelin leveys)<\/span><\/a>\n                    <\/span>\n                  <\/div>\n                <\/div>\n              <\/div>\n            <\/div>\n          <\/div>\n          <div class=\"h-column h-column-container d-flex h-col-lg-auto h-col-md-auto h-col-auto style-839-outer style-local-1840-c9-outer\">\n            <div data-colibri-id=\"1840-c9\" class=\"d-flex h-flex-basis h-column__inner h-px-lg-2 h-px-md-2 h-px-2 v-inner-lg-2 v-inner-md-2 v-inner-2 style-839 style-local-1840-c9 position-relative\">\n              <!---->\n              <!---->\n              <div class=\"w-100 h-y-container h-column__content h-column__v-align flex-basis-100 align-self-lg-start align-self-md-start align-self-start\">\n                <!---->\n                <div data-colibri-id=\"1840-c10\" class=\"h-x-container style-845 style-local-1840-c10 position-relative h-element\">\n                  <!---->\n                  <div class=\"h-x-container-inner style-dynamic-1840-c10-group style-845-spacing style-local-1840-c10-spacing\"><span class=\"h-button__outer style-846-outer style-local-1840-c11-outer d-inline-flex h-element\"><a h-use-smooth-scroll=\"true\" href=\"https:\/\/www.tp-49.fi\/wp-content\/uploads\/2021\/09\/mv_3v3_maali_ja_viivapeli.pdf\"  data-colibri-id=\"1840-c11\" class=\"d-flex w-100 align-items-center h-button justify-content-lg-center justify-content-md-center justify-content-center style-846 style-local-1840-c11 position-relative\"><!----><!----> <span>mv 3v3 maali ja viivapeli<\/span><\/a>\n                    <\/span>\n                  <\/div>\n                <\/div>\n                <div data-colibri-id=\"1840-c12\" class=\"h-x-container style-855 style-local-1840-c12 position-relative h-element\">\n                  <!---->\n                  <div class=\"h-x-container-inner style-dynamic-1840-c12-group style-855-spacing style-local-1840-c12-spacing\"><span class=\"h-button__outer style-856-outer style-local-1840-c13-outer d-inline-flex h-element\"><a h-use-smooth-scroll=\"true\" href=\"https:\/\/www.tp-49.fi\/wp-content\/uploads\/2021\/09\/4v2-ja-2v1-murtautuminen-maalintekoon..pdf\"  data-colibri-id=\"1840-c13\" class=\"d-flex w-100 align-items-center h-button justify-content-lg-center justify-content-md-center justify-content-center style-856 style-local-1840-c13 position-relative\"><!----><!----> <span>4v2 ja 2v1 murtautuminen maalintekoon<\/span><\/a>\n                    <\/span>\n                  <\/div>\n                <\/div>\n              <\/div>\n            <\/div>\n          <\/div>\n          <div class=\"h-column h-column-container d-flex h-col-lg-auto h-col-md-auto h-col-auto style-840-outer style-local-1840-c14-outer\">\n            <div data-colibri-id=\"1840-c14\" class=\"d-flex h-flex-basis h-column__inner h-px-lg-2 h-px-md-2 h-px-2 v-inner-lg-2 v-inner-md-2 v-inner-2 style-840 style-local-1840-c14 position-relative\">\n              <!---->\n              <!---->\n              <div class=\"w-100 h-y-container h-column__content h-column__v-align flex-basis-100 align-self-lg-start align-self-md-start align-self-start\">\n                <!---->\n                <div data-colibri-id=\"1840-c15\" class=\"h-x-container style-847 style-local-1840-c15 position-relative h-element\">\n                  <!---->\n                  <div class=\"h-x-container-inner style-dynamic-1840-c15-group style-847-spacing style-local-1840-c15-spacing\"><span class=\"h-button__outer style-848-outer style-local-1840-c16-outer d-inline-flex h-element\"><a h-use-smooth-scroll=\"true\" href=\"https:\/\/www.tp-49.fi\/wp-content\/uploads\/2021\/09\/mv_4-v-mv_4.pdf\"  data-colibri-id=\"1840-c16\" class=\"d-flex w-100 align-items-center h-button justify-content-lg-center justify-content-md-center justify-content-center style-848 style-local-1840-c16 position-relative\"><!----><!----> <span>mv 4 v mv 4<\/span><\/a>\n                    <\/span>\n                  <\/div>\n                <\/div>\n              <\/div>\n            <\/div>\n          <\/div>\n          <div class=\"h-column h-column-container d-flex h-col-lg-auto h-col-md-auto h-col-auto style-841-outer style-local-1840-c17-outer\">\n            <div data-colibri-id=\"1840-c17\" class=\"d-flex h-flex-basis h-column__inner h-px-lg-2 h-px-md-2 h-px-2 v-inner-lg-2 v-inner-md-2 v-inner-2 style-841 style-local-1840-c17 position-relative\">\n              <!---->\n              <!---->\n              <div class=\"w-100 h-y-container h-column__content h-column__v-align flex-basis-100 align-self-lg-start align-self-md-start align-self-start\">\n                <!---->\n                <div data-colibri-id=\"1840-c18\" class=\"h-x-container style-849 style-local-1840-c18 position-relative h-element\">\n                  <!---->\n                  <div class=\"h-x-container-inner style-dynamic-1840-c18-group style-849-spacing style-local-1840-c18-spacing\"><span class=\"h-button__outer style-850-outer style-local-1840-c19-outer d-inline-flex h-element\"><a h-use-smooth-scroll=\"true\" href=\"https:\/\/www.tp-49.fi\/wp-content\/uploads\/2021\/09\/3v2-maalinteko.pdf\"  data-colibri-id=\"1840-c19\" class=\"d-flex w-100 align-items-center h-button justify-content-lg-center justify-content-md-center justify-content-center style-850 style-local-1840-c19 position-relative\"><!----><!----> <span>3v2 + maalinteko<\/span><\/a>\n                    <\/span>\n                  <\/div>\n                <\/div>\n              <\/div>\n            <\/div>\n          <\/div>\n          <div class=\"h-column h-column-container d-flex h-col-lg-auto h-col-md-auto h-col-auto style-842-outer style-local-1840-c20-outer\">\n            <div data-colibri-id=\"1840-c20\" class=\"d-flex h-flex-basis h-column__inner h-px-lg-2 h-px-md-2 h-px-2 v-inner-lg-2 v-inner-md-2 v-inner-2 style-842 style-local-1840-c20 position-relative\">\n              <!---->\n              <!---->\n              <div class=\"w-100 h-y-container h-column__content h-column__v-align flex-basis-100 align-self-lg-start align-self-md-start align-self-start\">\n                <!---->\n                <div data-colibri-id=\"1840-c21\" class=\"h-x-container style-851 style-local-1840-c21 position-relative h-element\">\n                  <!---->\n                  <div class=\"h-x-container-inner style-dynamic-1840-c21-group style-851-spacing style-local-1840-c21-spacing\"><span class=\"h-button__outer style-852-outer style-local-1840-c22-outer d-inline-flex h-element\"><a h-use-smooth-scroll=\"true\" href=\"https:\/\/www.tp-49.fi\/wp-content\/uploads\/2021\/09\/3v3-nelja\u0308a\u0308n-eriva\u0308riseen-maaliin.pdf\"  data-colibri-id=\"1840-c22\" class=\"d-flex w-100 align-items-center h-button justify-content-lg-center justify-content-md-center justify-content-center style-852 style-local-1840-c22 position-relative\"><!----><!----> <span>3v3 nelj\u00e4\u00e4n eriv\u00e4riseen maaliin<\/span><\/a>\n                    <\/span>\n                  <\/div>\n                <\/div>\n              <\/div>\n            <\/div>\n          <\/div>\n        <\/div>\n      <\/div>\n    <\/div>\n  <\/div>\n<\/div>","protected":false},"excerpt":{"rendered":"<p>4v2 -pallonhallinta 3v3 nelj\u00e4\u00e4n eriv\u00e4riseen maaliin (pelin leveys) mv 3v3 maali ja viivapeli 4v2 ja 2v1 murtautuminen maalintekoon mv 4 v mv 4 3v2 + maalinteko 3v3 nelj\u00e4\u00e4n eriv\u00e4riseen maaliin<\/p>\n","protected":false},"author":1,"featured_media":0,"parent":1720,"menu_order":0,"comment_status":"closed","ping_status":"closed","template":"page-templates\/full-width-page.php","meta":{"ngg_post_thumbnail":0,"footnotes":""},"class_list":["post-1840","page","type-page","status-publish","hentry"],"_links":{"self":[{"href":"https:\/\/www.tp-49.fi\/index.php\/wp-json\/wp\/v2\/pages\/1840","targetHints":{"allow":["GET"]}}],"collection":[{"href":"https:\/\/www.tp-49.fi\/index.php\/wp-json\/wp\/v2\/pages"}],"about":[{"href":"https:\/\/www.tp-49.fi\/index.php\/wp-json\/wp\/v2\/types\/page"}],"author":[{"embeddable":true,"href":"https:\/\/www.tp-49.fi\/index.php\/wp-json\/wp\/v2\/users\/1"}],"replies":[{"embeddable":true,"href":"https:\/\/www.tp-49.fi\/index.php\/wp-json\/wp\/v2\/comments?post=1840"}],"version-history":[{"count":5,"href":"https:\/\/www.tp-49.fi\/index.php\/wp-json\/wp\/v2\/pages\/1840\/revisions"}],"predecessor-version":[{"id":3098,"href":"https:\/\/www.tp-49.fi\/index.php\/wp-json\/wp\/v2\/pages\/1840\/revisions\/3098"}],"up":[{"embeddable":true,"href":"https:\/\/www.tp-49.fi\/index.php\/wp-json\/wp\/v2\/pages\/1720"}],"wp:attachment":[{"href":"https:\/\/www.tp-49.fi\/index.php\/wp-json\/wp\/v2\/media?parent=1840"}],"curies":[{"name":"wp","href":"https:\/\/api.w.org\/{rel}","templated":true}]}}