{"id":1807,"date":"2021-09-15T13:31:33","date_gmt":"2021-09-15T10:31:33","guid":{"rendered":"http:\/\/www.tp-49.fi\/?page_id=1807"},"modified":"2025-10-02T11:41:29","modified_gmt":"2025-10-02T08:41:29","slug":"1v1-ja-2v2","status":"publish","type":"page","link":"https:\/\/www.tp-49.fi\/index.php\/harjoituspankki\/1v1-ja-2v2\/","title":{"rendered":"1v1 ja 2v2"},"content":{"rendered":"<div data-colibri-id=\"1807-c1\" class=\"style-793 style-local-1807-c1 position-relative\">\n  <!---->\n  <div data-colibri-component=\"section\" data-colibri-id=\"1807-c2\" id=\"custom\" class=\"h-section h-section-global-spacing d-flex align-items-lg-center align-items-md-center align-items-center style-794 style-local-1807-c2 position-relative\">\n    <!---->\n    <!---->\n    <div class=\"h-section-grid-container h-section-boxed-container\">\n      <!---->\n      <div data-colibri-id=\"1807-c3\" class=\"h-row-container gutters-row-lg-2 gutters-row-md-2 gutters-row-0 gutters-row-v-lg-2 gutters-row-v-md-2 gutters-row-v-2 style-795 style-local-1807-c3 position-relative\">\n        <!---->\n        <div class=\"h-row justify-content-lg-center justify-content-md-center justify-content-center align-items-lg-stretch align-items-md-stretch align-items-stretch gutters-col-lg-2 gutters-col-md-2 gutters-col-0 gutters-col-v-lg-2 gutters-col-v-md-2 gutters-col-v-2\">\n          <!---->\n          <div class=\"h-column h-column-container d-flex h-col-lg-auto h-col-md-auto h-col-auto style-796-outer style-local-1807-c4-outer\">\n            <div data-colibri-id=\"1807-c4\" class=\"d-flex h-flex-basis h-column__inner h-px-lg-2 h-px-md-2 h-px-2 v-inner-lg-2 v-inner-md-2 v-inner-2 style-796 style-local-1807-c4 position-relative\">\n              <!---->\n              <!---->\n              <div class=\"w-100 h-y-container h-column__content h-column__v-align flex-basis-100 align-self-lg-start align-self-md-start align-self-start\">\n                <!---->\n                <div data-colibri-id=\"1807-c5\" class=\"h-x-container style-821 style-local-1807-c5 position-relative h-element\">\n                  <!---->\n                  <div class=\"h-x-container-inner style-dynamic-1807-c5-group style-821-spacing style-local-1807-c5-spacing\"><span class=\"h-button__outer style-822-outer style-local-1807-c6-outer d-inline-flex h-element\"><a h-use-smooth-scroll=\"true\" href=\"https:\/\/www.tp-49.fi\/wp-content\/uploads\/2021\/09\/1v1-nelio\u0308ssa\u0308.pdf\"  data-colibri-id=\"1807-c6\" class=\"d-flex w-100 align-items-center h-button justify-content-lg-center justify-content-md-center justify-content-center style-822 style-local-1807-c6 position-relative\"><!----><!----> <span>1v1 neli\u00f6ss\u00e4<\/span><\/a>\n                    <\/span>\n                  <\/div>\n                <\/div>\n                <div data-colibri-id=\"1807-c7\" class=\"h-x-container style-831 style-local-1807-c7 position-relative h-element\">\n                  <!---->\n                  <div class=\"h-x-container-inner style-dynamic-1807-c7-group style-831-spacing style-local-1807-c7-spacing\"><span class=\"h-button__outer style-832-outer style-local-1807-c8-outer d-inline-flex h-element\"><a h-use-smooth-scroll=\"true\" href=\"https:\/\/www.tp-49.fi\/wp-content\/uploads\/2021\/09\/1v1-viivapeli-vaihtopelaajilla.pdf\"  data-colibri-id=\"1807-c8\" class=\"d-flex w-100 align-items-center h-button justify-content-lg-center justify-content-md-center justify-content-center style-832 style-local-1807-c8 position-relative\"><!----><!----> <span>1v1 -viivapeli vaihtopelaajalla<\/span><\/a>\n                    <\/span>\n                  <\/div>\n                <\/div>\n                <div data-colibri-id=\"1807-c9\" class=\"h-x-container style-801 style-local-1807-c9 position-relative h-element\">\n                  <!---->\n                  <div class=\"h-x-container-inner style-dynamic-1807-c9-group style-801-spacing style-local-1807-c9-spacing\"><span class=\"h-button__outer style-802-outer style-local-1807-c10-outer d-inline-flex h-element\"><a h-use-smooth-scroll=\"true\" href=\"https:\/\/www.tp-49.fi\/wp-content\/uploads\/2021\/09\/12v12-pallonhallinta.pdf\"  data-colibri-id=\"1807-c10\" class=\"d-flex w-100 align-items-center h-button justify-content-lg-center justify-content-md-center justify-content-center style-802 style-local-1807-c10 position-relative\"><!----><!----> <span>1+2v1+2 -pallonhallinta<\/span><\/a>\n                    <\/span>\n                  <\/div>\n                <\/div>\n                <div data-colibri-id=\"1807-c11\" class=\"h-x-container style-811 style-local-1807-c11 position-relative h-element\">\n                  <!---->\n                  <div class=\"h-x-container-inner style-dynamic-1807-c11-group style-811-spacing style-local-1807-c11-spacing\"><span class=\"h-button__outer style-812-outer style-local-1807-c12-outer d-inline-flex h-element\"><a h-use-smooth-scroll=\"true\" href=\"https:\/\/www.tp-49.fi\/wp-content\/uploads\/2021\/09\/1v1-kahteen-rinnakkaiseen-maaliin.pdf\"  data-colibri-id=\"1807-c12\" class=\"d-flex w-100 align-items-center h-button justify-content-lg-center justify-content-md-center justify-content-center style-812 style-local-1807-c12 position-relative\"><!----><!----> <span>1v1 kahteen rinnakkaiseen maaliin<\/span><\/a>\n                    <\/span>\n                  <\/div>\n                <\/div>\n              <\/div>\n            <\/div>\n          <\/div>\n          <div class=\"h-column h-column-container d-flex h-col-lg-auto h-col-md-auto h-col-auto style-797-outer style-local-1807-c13-outer\">\n            <div data-colibri-id=\"1807-c13\" class=\"d-flex h-flex-basis h-column__inner h-px-lg-2 h-px-md-2 h-px-2 v-inner-lg-2 v-inner-md-2 v-inner-2 style-797 style-local-1807-c13 position-relative\">\n              <!---->\n              <!---->\n              <div class=\"w-100 h-y-container h-column__content h-column__v-align flex-basis-100 align-self-lg-start align-self-md-start align-self-start\">\n                <!---->\n                <div data-colibri-id=\"1807-c14\" class=\"h-x-container style-803 style-local-1807-c14 position-relative h-element\">\n                  <!---->\n                  <div class=\"h-x-container-inner style-dynamic-1807-c14-group style-803-spacing style-local-1807-c14-spacing\"><span class=\"h-button__outer style-804-outer style-local-1807-c15-outer d-inline-flex h-element\"><a h-use-smooth-scroll=\"true\" href=\"https:\/\/www.tp-49.fi\/wp-content\/uploads\/2021\/09\/1v1-nelja\u0308a\u0308n-vastakkaiseen-maaliin.pdf\"  data-colibri-id=\"1807-c15\" class=\"d-flex w-100 align-items-center h-button justify-content-lg-center justify-content-md-center justify-content-center style-804 style-local-1807-c15 position-relative\"><!----><!----> <span>1v1 nelj\u00e4\u00e4n vastakkaiseen maaliin<\/span><\/a>\n                    <\/span>\n                  <\/div>\n                <\/div>\n                <div data-colibri-id=\"1807-c16\" class=\"h-x-container style-833 style-local-1807-c16 position-relative h-element\">\n                  <!---->\n                  <div class=\"h-x-container-inner style-dynamic-1807-c16-group style-833-spacing style-local-1807-c16-spacing\"><span class=\"h-button__outer style-834-outer style-local-1807-c17-outer d-inline-flex h-element\"><a h-use-smooth-scroll=\"true\" href=\"https:\/\/www.tp-49.fi\/wp-content\/uploads\/2021\/09\/1v1v1-kolmeen-maaliin.pdf\"  data-colibri-id=\"1807-c17\" class=\"d-flex w-100 align-items-center h-button justify-content-lg-center justify-content-md-center justify-content-center style-834 style-local-1807-c17 position-relative\"><!----><!----> <span>Kolmeen maaliin<\/span><\/a>\n                    <\/span>\n                  <\/div>\n                <\/div>\n                <div data-colibri-id=\"1807-c18\" class=\"h-x-container style-823 style-local-1807-c18 position-relative h-element\">\n                  <!---->\n                  <div class=\"h-x-container-inner style-dynamic-1807-c18-group style-823-spacing style-local-1807-c18-spacing\"><span class=\"h-button__outer style-824-outer style-local-1807-c19-outer d-inline-flex h-element\"><a h-use-smooth-scroll=\"true\" href=\"https:\/\/www.tp-49.fi\/wp-content\/uploads\/2021\/09\/12v12-ristikka\u0308isiin-suuntiin.pdf\"  data-colibri-id=\"1807-c19\" class=\"d-flex w-100 align-items-center h-button justify-content-lg-center justify-content-md-center justify-content-center style-824 style-local-1807-c19 position-relative\"><!----><!----> <span>1+2v1+2<\/span><\/a>\n                    <\/span>\n                  <\/div>\n                <\/div>\n                <div data-colibri-id=\"1807-c20\" class=\"h-x-container style-813 style-local-1807-c20 position-relative h-element\">\n                  <!---->\n                  <div class=\"h-x-container-inner style-dynamic-1807-c20-group style-813-spacing style-local-1807-c20-spacing\"><span class=\"h-button__outer style-814-outer style-local-1807-c21-outer d-inline-flex h-element\"><a h-use-smooth-scroll=\"true\" href=\"https:\/\/www.tp-49.fi\/wp-content\/uploads\/2021\/09\/1v1-kuljetus-ha\u0308kin-la\u0308pi.pdf\"  data-colibri-id=\"1807-c21\" class=\"d-flex w-100 align-items-center h-button justify-content-lg-center justify-content-md-center justify-content-center style-814 style-local-1807-c21 position-relative\"><!----><!----> <span>1v1 kuljetus h\u00e4kin l\u00e4pi<\/span><\/a>\n                    <\/span>\n                  <\/div>\n                <\/div>\n              <\/div>\n            <\/div>\n          <\/div>\n          <div class=\"h-column h-column-container d-flex h-col-lg-auto h-col-md-auto h-col-auto style-798-outer style-local-1807-c22-outer\">\n            <div data-colibri-id=\"1807-c22\" class=\"d-flex h-flex-basis h-column__inner h-px-lg-2 h-px-md-2 h-px-2 v-inner-lg-2 v-inner-md-2 v-inner-2 style-798 style-local-1807-c22 position-relative\">\n              <!---->\n              <!---->\n              <div class=\"w-100 h-y-container h-column__content h-column__v-align flex-basis-100 align-self-lg-start align-self-md-start align-self-start\">\n                <!---->\n                <div data-colibri-id=\"1807-c23\" class=\"h-x-container style-805 style-local-1807-c23 position-relative h-element\">\n                  <!---->\n                  <div class=\"h-x-container-inner style-dynamic-1807-c23-group style-805-spacing style-local-1807-c23-spacing\"><span class=\"h-button__outer style-806-outer style-local-1807-c24-outer d-inline-flex h-element\"><a h-use-smooth-scroll=\"true\" href=\"https:\/\/www.tp-49.fi\/wp-content\/uploads\/2021\/09\/1v1-nelja\u0308a\u0308n-vastakkaiseen-maaliin2.pdf\"  data-colibri-id=\"1807-c24\" class=\"d-flex w-100 align-items-center h-button justify-content-lg-center justify-content-md-center justify-content-center style-806 style-local-1807-c24 position-relative\"><!----><!----> <span>1v1 nelj\u00e4\u00e4n vastakkaiseen maaliin 2<\/span><\/a>\n                    <\/span>\n                  <\/div>\n                <\/div>\n                <div data-colibri-id=\"1807-c25\" class=\"h-x-container style-825 style-local-1807-c25 position-relative h-element\">\n                  <!---->\n                  <div class=\"h-x-container-inner style-dynamic-1807-c25-group style-825-spacing style-local-1807-c25-spacing\"><span class=\"h-button__outer style-826-outer style-local-1807-c26-outer d-inline-flex h-element\"><a h-use-smooth-scroll=\"true\" href=\"https:\/\/www.tp-49.fi\/wp-content\/uploads\/2021\/09\/2v1-vastakkain-maalinteko.pdf\"  data-colibri-id=\"1807-c26\" class=\"d-flex w-100 align-items-center h-button justify-content-lg-center justify-content-md-center justify-content-center style-826 style-local-1807-c26 position-relative\"><!----><!----> <span>2v1 vastakkain + maalinteko<\/span><\/a>\n                    <\/span>\n                  <\/div>\n                <\/div>\n                <div data-colibri-id=\"1807-c27\" class=\"h-x-container style-815 style-local-1807-c27 position-relative h-element\">\n                  <!---->\n                  <div class=\"h-x-container-inner style-dynamic-1807-c27-group style-815-spacing style-local-1807-c27-spacing\"><span class=\"h-button__outer style-816-outer style-local-1807-c28-outer d-inline-flex h-element\"><a h-use-smooth-scroll=\"true\" href=\"https:\/\/www.tp-49.fi\/wp-content\/uploads\/2021\/09\/1v1-haaste.pdf\"  data-colibri-id=\"1807-c28\" class=\"d-flex w-100 align-items-center h-button justify-content-lg-center justify-content-md-center justify-content-center style-816 style-local-1807-c28 position-relative\"><!----><!----> <span>1v1 -haaste<\/span><\/a>\n                    <\/span>\n                  <\/div>\n                <\/div>\n              <\/div>\n            <\/div>\n          <\/div>\n          <div class=\"h-column h-column-container d-flex h-col-lg-auto h-col-md-auto h-col-auto style-799-outer style-local-1807-c29-outer\">\n            <div data-colibri-id=\"1807-c29\" class=\"d-flex h-flex-basis h-column__inner h-px-lg-2 h-px-md-2 h-px-2 v-inner-lg-2 v-inner-md-2 v-inner-2 style-799 style-local-1807-c29 position-relative\">\n              <!---->\n              <!---->\n              <div class=\"w-100 h-y-container h-column__content h-column__v-align flex-basis-100 align-self-lg-start align-self-md-start align-self-start\">\n                <!---->\n                <div data-colibri-id=\"1807-c30\" class=\"h-x-container style-817 style-local-1807-c30 position-relative h-element\">\n                  <!---->\n                  <div class=\"h-x-container-inner style-dynamic-1807-c30-group style-817-spacing style-local-1807-c30-spacing\"><span class=\"h-button__outer style-818-outer style-local-1807-c31-outer d-inline-flex h-element\"><a h-use-smooth-scroll=\"true\" href=\"https:\/\/www.tp-49.fi\/wp-content\/uploads\/2021\/09\/1v1-nelja\u0308a\u0308n-vierekka\u0308iseen-maaliin.pdf\"  data-colibri-id=\"1807-c31\" class=\"d-flex w-100 align-items-center h-button justify-content-lg-center justify-content-md-center justify-content-center style-818 style-local-1807-c31 position-relative\"><!----><!----> <span>1v1 nelj\u00e4\u00e4n vierekk\u00e4iseen maaliin<\/span><\/a>\n                    <\/span>\n                  <\/div>\n                <\/div>\n                <div data-colibri-id=\"1807-c32\" class=\"h-x-container style-827 style-local-1807-c32 position-relative h-element\">\n                  <!---->\n                  <div class=\"h-x-container-inner style-dynamic-1807-c32-group style-827-spacing style-local-1807-c32-spacing\"><span class=\"h-button__outer style-828-outer style-local-1807-c33-outer d-inline-flex h-element\"><a h-use-smooth-scroll=\"true\" href=\"https:\/\/www.tp-49.fi\/wp-content\/uploads\/2021\/09\/2v2-viivapelina\u0308.pdf\"  data-colibri-id=\"1807-c33\" class=\"d-flex w-100 align-items-center h-button justify-content-lg-center justify-content-md-center justify-content-center style-828 style-local-1807-c33 position-relative\"><!----><!----> <span>2v2 viivapelin\u00e4<\/span><\/a>\n                    <\/span>\n                  <\/div>\n                <\/div>\n                <div data-colibri-id=\"1807-c34\" class=\"h-x-container style-807 style-local-1807-c34 position-relative h-element\">\n                  <!---->\n                  <div class=\"h-x-container-inner style-dynamic-1807-c34-group style-807-spacing style-local-1807-c34-spacing\"><span class=\"h-button__outer style-808-outer style-local-1807-c35-outer d-inline-flex h-element\"><a h-use-smooth-scroll=\"true\" href=\"https:\/\/www.tp-49.fi\/wp-content\/uploads\/2021\/09\/1v1-kahteen-maaliin.pdf\"  data-colibri-id=\"1807-c35\" class=\"d-flex w-100 align-items-center h-button justify-content-lg-center justify-content-md-center justify-content-center style-808 style-local-1807-c35 position-relative\"><!----><!----> <span>1v1 kahteen maaliin<\/span><\/a>\n                    <\/span>\n                  <\/div>\n                <\/div>\n              <\/div>\n            <\/div>\n          <\/div>\n          <div class=\"h-column h-column-container d-flex h-col-lg-auto h-col-md-auto h-col-auto style-800-outer style-local-1807-c36-outer\">\n            <div data-colibri-id=\"1807-c36\" class=\"d-flex h-flex-basis h-column__inner h-px-lg-2 h-px-md-2 h-px-2 v-inner-lg-2 v-inner-md-2 v-inner-2 style-800 style-local-1807-c36 position-relative\">\n              <!---->\n              <!---->\n              <div class=\"w-100 h-y-container h-column__content h-column__v-align flex-basis-100 align-self-lg-start align-self-md-start align-self-start\">\n                <!---->\n                <div data-colibri-id=\"1807-c37\" class=\"h-x-container style-829 style-local-1807-c37 position-relative h-element\">\n                  <!---->\n                  <div class=\"h-x-container-inner style-dynamic-1807-c37-group style-829-spacing style-local-1807-c37-spacing\"><span class=\"h-button__outer style-830-outer style-local-1807-c38-outer d-inline-flex h-element\"><a h-use-smooth-scroll=\"true\" href=\"https:\/\/www.tp-49.fi\/wp-content\/uploads\/2021\/09\/1v1-selin-valinta.pdf\"  data-colibri-id=\"1807-c38\" class=\"d-flex w-100 align-items-center h-button justify-content-lg-center justify-content-md-center justify-content-center style-830 style-local-1807-c38 position-relative\"><!----><!----> <span>1v1 selin + valinta<\/span><\/a>\n                    <\/span>\n                  <\/div>\n                <\/div>\n                <div data-colibri-id=\"1807-c39\" class=\"h-x-container style-819 style-local-1807-c39 position-relative h-element\">\n                  <!---->\n                  <div class=\"h-x-container-inner style-dynamic-1807-c39-group style-819-spacing style-local-1807-c39-spacing\"><span class=\"h-button__outer style-820-outer style-local-1807-c40-outer d-inline-flex h-element\"><a h-use-smooth-scroll=\"true\" href=\"https:\/\/www.tp-49.fi\/wp-content\/uploads\/2021\/09\/11v1-selka\u0308-menosuuntaan.pdf\"  data-colibri-id=\"1807-c40\" class=\"d-flex w-100 align-items-center h-button justify-content-lg-center justify-content-md-center justify-content-center style-820 style-local-1807-c40 position-relative\"><!----><!----> <span>1+1v1 selk\u00e4 menosuuntaan<\/span><\/a>\n                    <\/span>\n                  <\/div>\n                <\/div>\n                <div data-colibri-id=\"1807-c41\" class=\"h-x-container style-809 style-local-1807-c41 position-relative h-element\">\n                  <!---->\n                  <div class=\"h-x-container-inner style-dynamic-1807-c41-group style-809-spacing style-local-1807-c41-spacing\"><span class=\"h-button__outer style-810-outer style-local-1807-c42-outer d-inline-flex h-element\"><a h-use-smooth-scroll=\"true\" href=\"https:\/\/www.tp-49.fi\/wp-content\/uploads\/2021\/09\/1v1-kahteen-rinnakkaiseen-maaliin-joukkuekisana.pdf\"  data-colibri-id=\"1807-c42\" class=\"d-flex w-100 align-items-center h-button justify-content-lg-center justify-content-md-center justify-content-center style-810 style-local-1807-c42 position-relative\"><!----><!----> <span>1v1 kahteen rinnakkaiseen maaliin joukkuekisana<\/span><\/a>\n                    <\/span>\n                  <\/div>\n                <\/div>\n              <\/div>\n            <\/div>\n          <\/div>\n        <\/div>\n      <\/div>\n    <\/div>\n  <\/div>\n<\/div>","protected":false},"excerpt":{"rendered":"<p>1v1 neli\u00f6ss\u00e4 1v1 -viivapeli vaihtopelaajalla 1+2v1+2 -pallonhallinta 1v1 kahteen rinnakkaiseen maaliin 1v1 nelj\u00e4\u00e4n vastakkaiseen maaliin Kolmeen maaliin 1+2v1+2 1v1 kuljetus h\u00e4kin l\u00e4pi 1v1 nelj\u00e4\u00e4n vastakkaiseen maaliin 2 2v1 vastakkain + maalinteko 1v1 -haaste 1v1 nelj\u00e4\u00e4n vierekk\u00e4iseen maaliin 2v2 viivapelin\u00e4 1v1 kahteen maaliin 1v1 selin + valinta 1+1v1 selk\u00e4 menosuuntaan 1v1 kahteen rinnakkaiseen maaliin joukkuekisana<\/p>\n","protected":false},"author":1,"featured_media":0,"parent":1720,"menu_order":0,"comment_status":"closed","ping_status":"closed","template":"page-templates\/full-width-page.php","meta":{"ngg_post_thumbnail":0,"footnotes":""},"class_list":["post-1807","page","type-page","status-publish","hentry"],"_links":{"self":[{"href":"https:\/\/www.tp-49.fi\/index.php\/wp-json\/wp\/v2\/pages\/1807","targetHints":{"allow":["GET"]}}],"collection":[{"href":"https:\/\/www.tp-49.fi\/index.php\/wp-json\/wp\/v2\/pages"}],"about":[{"href":"https:\/\/www.tp-49.fi\/index.php\/wp-json\/wp\/v2\/types\/page"}],"author":[{"embeddable":true,"href":"https:\/\/www.tp-49.fi\/index.php\/wp-json\/wp\/v2\/users\/1"}],"replies":[{"embeddable":true,"href":"https:\/\/www.tp-49.fi\/index.php\/wp-json\/wp\/v2\/comments?post=1807"}],"version-history":[{"count":3,"href":"https:\/\/www.tp-49.fi\/index.php\/wp-json\/wp\/v2\/pages\/1807\/revisions"}],"predecessor-version":[{"id":3084,"href":"https:\/\/www.tp-49.fi\/index.php\/wp-json\/wp\/v2\/pages\/1807\/revisions\/3084"}],"up":[{"embeddable":true,"href":"https:\/\/www.tp-49.fi\/index.php\/wp-json\/wp\/v2\/pages\/1720"}],"wp:attachment":[{"href":"https:\/\/www.tp-49.fi\/index.php\/wp-json\/wp\/v2\/media?parent=1807"}],"curies":[{"name":"wp","href":"https:\/\/api.w.org\/{rel}","templated":true}]}}