{"id":1791,"date":"2021-09-15T13:24:17","date_gmt":"2021-09-15T10:24:17","guid":{"rendered":"http:\/\/www.tp-49.fi\/?page_id=1791"},"modified":"2025-10-02T11:44:11","modified_gmt":"2025-10-02T08:44:11","slug":"maalintekoharjoitteita","status":"publish","type":"page","link":"https:\/\/www.tp-49.fi\/index.php\/harjoituspankki\/maalintekoharjoitteita\/","title":{"rendered":"Maalintekoharjoitteita"},"content":{"rendered":"<div data-colibri-id=\"1791-c1\" class=\"style-771 style-local-1791-c1 position-relative\">\n  <!---->\n  <div data-colibri-component=\"section\" data-colibri-id=\"1791-c2\" id=\"custom\" class=\"h-section h-section-global-spacing d-flex align-items-lg-center align-items-md-center align-items-center style-772 style-local-1791-c2 position-relative\">\n    <!---->\n    <!---->\n    <div class=\"h-section-grid-container h-section-boxed-container\">\n      <!---->\n      <div data-colibri-id=\"1791-c3\" class=\"h-row-container gutters-row-lg-2 gutters-row-md-2 gutters-row-0 gutters-row-v-lg-2 gutters-row-v-md-2 gutters-row-v-2 style-773 style-local-1791-c3 position-relative\">\n        <!---->\n        <div class=\"h-row justify-content-lg-center justify-content-md-center justify-content-center align-items-lg-stretch align-items-md-stretch align-items-stretch gutters-col-lg-2 gutters-col-md-2 gutters-col-0 gutters-col-v-lg-2 gutters-col-v-md-2 gutters-col-v-2\">\n          <!---->\n          <div class=\"h-column h-column-container d-flex h-col-lg-auto h-col-md-auto h-col-auto style-774-outer style-local-1791-c4-outer\">\n            <div data-colibri-id=\"1791-c4\" class=\"d-flex h-flex-basis h-column__inner h-px-lg-2 h-px-md-2 h-px-2 v-inner-lg-2 v-inner-md-2 v-inner-2 style-774 style-local-1791-c4 position-relative\">\n              <!---->\n              <!---->\n              <div class=\"w-100 h-y-container h-column__content h-column__v-align flex-basis-100 align-self-lg-start align-self-md-start align-self-start\">\n                <!---->\n                <div data-colibri-id=\"1791-c5\" class=\"h-x-container style-779 style-local-1791-c5 position-relative h-element\">\n                  <!---->\n                  <div class=\"h-x-container-inner style-dynamic-1791-c5-group style-779-spacing style-local-1791-c5-spacing\"><span class=\"h-button__outer style-780-outer style-local-1791-c6-outer d-inline-flex h-element\"><a h-use-smooth-scroll=\"true\" href=\"https:\/\/www.tp-49.fi\/wp-content\/uploads\/2021\/09\/Laukaisukaruselli.pdf\"  data-colibri-id=\"1791-c6\" class=\"d-flex w-100 align-items-center h-button justify-content-lg-center justify-content-md-center justify-content-center style-780 style-local-1791-c6 position-relative\"><!----><!----> <span>Laukaisukaruselli<\/span><\/a>\n                    <\/span>\n                  <\/div>\n                <\/div>\n                <div data-colibri-id=\"1791-c7\" class=\"h-x-container style-789 style-local-1791-c7 position-relative h-element\">\n                  <!---->\n                  <div class=\"h-x-container-inner style-dynamic-1791-c7-group style-789-spacing style-local-1791-c7-spacing\"><span class=\"h-button__outer style-790-outer style-local-1791-c8-outer d-inline-flex h-element\"><a h-use-smooth-scroll=\"true\" href=\"https:\/\/www.tp-49.fi\/wp-content\/uploads\/2021\/09\/Maalinteko-opas-1.pdf\"  data-colibri-id=\"1791-c8\" class=\"d-flex w-100 align-items-center h-button justify-content-lg-center justify-content-md-center justify-content-center style-790 style-local-1791-c8 position-relative\"><!----><!----> <span>Maalinteko-opas 1<\/span><\/a>\n                    <\/span>\n                  <\/div>\n                <\/div>\n              <\/div>\n            <\/div>\n          <\/div>\n          <div class=\"h-column h-column-container d-flex h-col-lg-auto h-col-md-auto h-col-auto style-775-outer style-local-1791-c9-outer\">\n            <div data-colibri-id=\"1791-c9\" class=\"d-flex h-flex-basis h-column__inner h-px-lg-2 h-px-md-2 h-px-2 v-inner-lg-2 v-inner-md-2 v-inner-2 style-775 style-local-1791-c9 position-relative\">\n              <!---->\n              <!---->\n              <div class=\"w-100 h-y-container h-column__content h-column__v-align flex-basis-100 align-self-lg-start align-self-md-start align-self-start\">\n                <!---->\n                <div data-colibri-id=\"1791-c10\" class=\"h-x-container style-781 style-local-1791-c10 position-relative h-element\">\n                  <!---->\n                  <div class=\"h-x-container-inner style-dynamic-1791-c10-group style-781-spacing style-local-1791-c10-spacing\"><span class=\"h-button__outer style-782-outer style-local-1791-c11-outer d-inline-flex h-element\"><a h-use-smooth-scroll=\"true\" href=\"https:\/\/www.tp-49.fi\/wp-content\/uploads\/2021\/09\/Laukominen-sivuliikkeesta\u0308.pdf\"  data-colibri-id=\"1791-c11\" class=\"d-flex w-100 align-items-center h-button justify-content-lg-center justify-content-md-center justify-content-center style-782 style-local-1791-c11 position-relative\"><!----><!----> <span>Laukominen sivuliikkeest\u00e4<\/span><\/a>\n                    <\/span>\n                  <\/div>\n                <\/div>\n                <div data-colibri-id=\"1791-c12\" class=\"h-x-container style-791 style-local-1791-c12 position-relative h-element\">\n                  <!---->\n                  <div class=\"h-x-container-inner style-dynamic-1791-c12-group style-791-spacing style-local-1791-c12-spacing\"><span class=\"h-button__outer style-792-outer style-local-1791-c13-outer d-inline-flex h-element\"><a h-use-smooth-scroll=\"true\" href=\"https:\/\/www.tp-49.fi\/wp-content\/uploads\/2021\/09\/Pelinomaiset_maalintekoharjoitteet.pdf\"  data-colibri-id=\"1791-c13\" class=\"d-flex w-100 align-items-center h-button justify-content-lg-center justify-content-md-center justify-content-center style-792 style-local-1791-c13 position-relative\"><!----><!----> <span>Pelinomaiset maalintekoharjoitteet<\/span><\/a>\n                    <\/span>\n                  <\/div>\n                <\/div>\n              <\/div>\n            <\/div>\n          <\/div>\n          <div class=\"h-column h-column-container d-flex h-col-lg-auto h-col-md-auto h-col-auto style-776-outer style-local-1791-c14-outer\">\n            <div data-colibri-id=\"1791-c14\" class=\"d-flex h-flex-basis h-column__inner h-px-lg-2 h-px-md-2 h-px-2 v-inner-lg-2 v-inner-md-2 v-inner-2 style-776 style-local-1791-c14 position-relative\">\n              <!---->\n              <!---->\n              <div class=\"w-100 h-y-container h-column__content h-column__v-align flex-basis-100 align-self-lg-start align-self-md-start align-self-start\">\n                <!---->\n                <div data-colibri-id=\"1791-c15\" class=\"h-x-container style-783 style-local-1791-c15 position-relative h-element\">\n                  <!---->\n                  <div class=\"h-x-container-inner style-dynamic-1791-c15-group style-783-spacing style-local-1791-c15-spacing\"><span class=\"h-button__outer style-784-outer style-local-1791-c16-outer d-inline-flex h-element\"><a h-use-smooth-scroll=\"true\" href=\"https:\/\/www.tp-49.fi\/wp-content\/uploads\/2021\/09\/Laukominen-syo\u0308tto\u0308kolmion-ja\u0308lkeen.pdf\"  data-colibri-id=\"1791-c16\" class=\"d-flex w-100 align-items-center h-button justify-content-lg-center justify-content-md-center justify-content-center style-784 style-local-1791-c16 position-relative\"><!----><!----> <span>Laukominen sy\u00f6tt\u00f6kolmion j\u00e4lkeen<\/span><\/a>\n                    <\/span>\n                  <\/div>\n                <\/div>\n              <\/div>\n            <\/div>\n          <\/div>\n          <div class=\"h-column h-column-container d-flex h-col-lg-auto h-col-md-auto h-col-auto style-777-outer style-local-1791-c17-outer\">\n            <div data-colibri-id=\"1791-c17\" class=\"d-flex h-flex-basis h-column__inner h-px-lg-2 h-px-md-2 h-px-2 v-inner-lg-2 v-inner-md-2 v-inner-2 style-777 style-local-1791-c17 position-relative\">\n              <!---->\n              <!---->\n              <div class=\"w-100 h-y-container h-column__content h-column__v-align flex-basis-100 align-self-lg-start align-self-md-start align-self-start\">\n                <!---->\n                <div data-colibri-id=\"1791-c18\" class=\"h-x-container style-785 style-local-1791-c18 position-relative h-element\">\n                  <!---->\n                  <div class=\"h-x-container-inner style-dynamic-1791-c18-group style-785-spacing style-local-1791-c18-spacing\"><span class=\"h-button__outer style-786-outer style-local-1791-c19-outer d-inline-flex h-element\"><a h-use-smooth-scroll=\"true\" href=\"https:\/\/www.tp-49.fi\/wp-content\/uploads\/2021\/09\/Laukominen-vastapalloon.pdf\"  data-colibri-id=\"1791-c19\" class=\"d-flex w-100 align-items-center h-button justify-content-lg-center justify-content-md-center justify-content-center style-786 style-local-1791-c19 position-relative\"><!----><!----> <span>Laukominen vastapalloon<\/span><\/a>\n                    <\/span>\n                  <\/div>\n                <\/div>\n              <\/div>\n            <\/div>\n          <\/div>\n          <div class=\"h-column h-column-container d-flex h-col-lg-auto h-col-md-auto h-col-auto style-778-outer style-local-1791-c20-outer\">\n            <div data-colibri-id=\"1791-c20\" class=\"d-flex h-flex-basis h-column__inner h-px-lg-2 h-px-md-2 h-px-2 v-inner-lg-2 v-inner-md-2 v-inner-2 style-778 style-local-1791-c20 position-relative\">\n              <!---->\n              <!---->\n              <div class=\"w-100 h-y-container h-column__content h-column__v-align flex-basis-100 align-self-lg-start align-self-md-start align-self-start\">\n                <!---->\n                <div data-colibri-id=\"1791-c21\" class=\"h-x-container style-787 style-local-1791-c21 position-relative h-element\">\n                  <!---->\n                  <div class=\"h-x-container-inner style-dynamic-1791-c21-group style-787-spacing style-local-1791-c21-spacing\"><span class=\"h-button__outer style-788-outer style-local-1791-c22-outer d-inline-flex h-element\"><a h-use-smooth-scroll=\"true\" href=\"https:\/\/www.tp-49.fi\/wp-content\/uploads\/2021\/09\/Laukominen-psykokinestinen-harjoite.pdf\"  data-colibri-id=\"1791-c22\" class=\"d-flex w-100 align-items-center h-button justify-content-lg-center justify-content-md-center justify-content-center style-788 style-local-1791-c22 position-relative\"><!----><!----> <span>Laukominen, psykokinestinen harjoite<\/span><\/a>\n                    <\/span>\n                  <\/div>\n                <\/div>\n              <\/div>\n            <\/div>\n          <\/div>\n        <\/div>\n      <\/div>\n    <\/div>\n  <\/div>\n<\/div>","protected":false},"excerpt":{"rendered":"<p>Laukaisukaruselli Maalinteko-opas 1 Laukominen sivuliikkeest\u00e4 Pelinomaiset maalintekoharjoitteet Laukominen sy\u00f6tt\u00f6kolmion j\u00e4lkeen Laukominen vastapalloon Laukominen, psykokinestinen harjoite<\/p>\n","protected":false},"author":1,"featured_media":0,"parent":1720,"menu_order":0,"comment_status":"closed","ping_status":"closed","template":"page-templates\/full-width-page.php","meta":{"ngg_post_thumbnail":0,"footnotes":""},"class_list":["post-1791","page","type-page","status-publish","hentry"],"_links":{"self":[{"href":"https:\/\/www.tp-49.fi\/index.php\/wp-json\/wp\/v2\/pages\/1791","targetHints":{"allow":["GET"]}}],"collection":[{"href":"https:\/\/www.tp-49.fi\/index.php\/wp-json\/wp\/v2\/pages"}],"about":[{"href":"https:\/\/www.tp-49.fi\/index.php\/wp-json\/wp\/v2\/types\/page"}],"author":[{"embeddable":true,"href":"https:\/\/www.tp-49.fi\/index.php\/wp-json\/wp\/v2\/users\/1"}],"replies":[{"embeddable":true,"href":"https:\/\/www.tp-49.fi\/index.php\/wp-json\/wp\/v2\/comments?post=1791"}],"version-history":[{"count":4,"href":"https:\/\/www.tp-49.fi\/index.php\/wp-json\/wp\/v2\/pages\/1791\/revisions"}],"predecessor-version":[{"id":3114,"href":"https:\/\/www.tp-49.fi\/index.php\/wp-json\/wp\/v2\/pages\/1791\/revisions\/3114"}],"up":[{"embeddable":true,"href":"https:\/\/www.tp-49.fi\/index.php\/wp-json\/wp\/v2\/pages\/1720"}],"wp:attachment":[{"href":"https:\/\/www.tp-49.fi\/index.php\/wp-json\/wp\/v2\/media?parent=1791"}],"curies":[{"name":"wp","href":"https:\/\/api.w.org\/{rel}","templated":true}]}}