{"id":1635,"date":"2021-09-15T11:40:33","date_gmt":"2021-09-15T08:40:33","guid":{"rendered":"http:\/\/www.tp-49.fi\/?page_id=1635"},"modified":"2025-10-02T11:39:28","modified_gmt":"2025-10-02T08:39:28","slug":"kymppiturnaus-2019","status":"publish","type":"page","link":"https:\/\/www.tp-49.fi\/index.php\/menneet-turnaukset\/kymppiturnaus-2019\/","title":{"rendered":"Kymppiturnaus 2019"},"content":{"rendered":"<div data-colibri-id=\"1635-c1\" class=\"style-650 style-local-1635-c1 position-relative\">\n  <!---->\n  <div data-colibri-component=\"section\" data-colibri-id=\"1635-c2\" id=\"custom\" class=\"h-section h-section-global-spacing d-flex align-items-lg-center align-items-md-center align-items-center style-651 style-local-1635-c2 position-relative\">\n    <!---->\n    <!---->\n    <div class=\"h-section-grid-container h-section-boxed-container\">\n      <!---->\n      <div data-colibri-id=\"1635-c3\" class=\"h-row-container gutters-row-lg-2 gutters-row-md-2 gutters-row-0 gutters-row-v-lg-2 gutters-row-v-md-2 gutters-row-v-2 style-652 style-local-1635-c3 position-relative\">\n        <!---->\n        <div class=\"h-row justify-content-lg-center justify-content-md-center justify-content-center align-items-lg-stretch align-items-md-stretch align-items-stretch gutters-col-lg-2 gutters-col-md-2 gutters-col-0 gutters-col-v-lg-2 gutters-col-v-md-2 gutters-col-v-2\">\n          <!---->\n          <div class=\"h-column h-column-container d-flex h-col-lg-auto h-col-md-auto h-col-auto style-653-outer style-local-1635-c4-outer\">\n            <div data-colibri-id=\"1635-c4\" class=\"d-flex h-flex-basis h-column__inner h-px-lg-2 h-px-md-2 h-px-2 v-inner-lg-2 v-inner-md-2 v-inner-2 style-653 style-local-1635-c4 position-relative\">\n              <!---->\n              <!---->\n              <div class=\"w-100 h-y-container h-column__content h-column__v-align flex-basis-100 align-self-lg-start align-self-md-start align-self-start\">\n                <!---->\n                <div data-colibri-id=\"1635-c5\" class=\"d-block style-654 style-local-1635-c5 position-relative h-element\">\n                  <!---->\n                  <div class=\"h-image__frame-container-outer\">\n                    <div class=\"h-image__frame-container\">\n                      <!---->\n                      <!---->\n                      <img loading=\"lazy\" decoding=\"async\" width=\"680\" height=\"486\" src=\"https:\/\/www.tp-49.fi\/wp-content\/uploads\/2021\/09\/10_1.png\" class=\"wp-image-1638 style-654-image style-local-1635-c5-image\" alt=\"\" srcset=\"https:\/\/www.tp-49.fi\/wp-content\/uploads\/2021\/09\/10_1.png 680w, https:\/\/www.tp-49.fi\/wp-content\/uploads\/2021\/09\/10_1-300x214.png 300w\" sizes=\"auto, (max-width: 680px) 100vw, 680px\" \/>\n                      <div class=\"h-image__frame h-hide-lg h-hide-md h-hide-sm style-654-frameImage style-local-1635-c5-frameImage\"><\/div>\n                    <\/div>\n                  <\/div>\n                <\/div>\n                <div data-colibri-id=\"1635-c6\" class=\"h-text h-text-component style-656 style-local-1635-c6 position-relative h-element\">\n                  <!---->\n                  <!---->\n                  <div class=\"\">\n                    <p><strong>J\u00e4rjest\u00e4j\u00e4:<\/strong>&nbsp;Toijalan Pallo \u2010 49, TP \u2013 49<\/p>\n                    <p><strong>Turnaustoimisto<\/strong>: Toijalan keskusurheilukentt\u00e4, Sontulantie 9<\/p>\n                    <p><strong>Ajankohta:<\/strong>&nbsp;la 8.6.2019<\/p>\n                    <p><strong>Paikka<\/strong>: Akaa, Toijalan urheilukentt\u00e4<\/p>\n                    <p><strong>Pelialusta:<\/strong>&nbsp;Luonnonnurmi<\/p>\n                    <p><strong>Ik\u00e4luokat:<\/strong>&nbsp;P10 ja P11 (max . 8 joukkuetta \/ ik\u00e4ryhm\u00e4)<\/p>\n                    <p><strong>Haastetaso<\/strong><\/p>\n                    <p><strong>Pelitapa:<\/strong>&nbsp;P10 ja P11: 8v8, pallo 4<\/p>\n                    <p>K\u00e4yt\u00f6ss\u00e4 paitsioalue.<\/p>\n                    <p>Yli\u2010ik\u00e4isyys piirin s\u00e4\u00e4nt\u00f6jen mukaan.<\/p>\n                  <\/div>\n                <\/div>\n              <\/div>\n            <\/div>\n          <\/div>\n          <div class=\"h-column h-column-container d-flex h-col-lg-auto h-col-md-auto h-col-auto style-655-outer style-local-1635-c7-outer\">\n            <div data-colibri-id=\"1635-c7\" class=\"d-flex h-flex-basis h-column__inner h-px-lg-2 h-px-md-2 h-px-2 v-inner-lg-2 v-inner-md-2 v-inner-2 style-655 style-local-1635-c7 position-relative\">\n              <!---->\n              <!---->\n              <div class=\"w-100 h-y-container h-column__content h-column__v-align flex-basis-100 align-self-lg-start align-self-md-start align-self-start\">\n                <!---->\n                <div data-colibri-id=\"1635-c8\" class=\"d-block style-657 style-local-1635-c8 position-relative h-element\">\n                  <!---->\n                  <div class=\"h-image__frame-container-outer\">\n                    <div class=\"h-image__frame-container\">\n                      <!---->\n                      <!---->\n                      <img loading=\"lazy\" decoding=\"async\" width=\"680\" height=\"481\" src=\"https:\/\/www.tp-49.fi\/wp-content\/uploads\/2021\/09\/10_2.png\" class=\"wp-image-1639 style-657-image style-local-1635-c8-image\" alt=\"\" srcset=\"https:\/\/www.tp-49.fi\/wp-content\/uploads\/2021\/09\/10_2.png 680w, https:\/\/www.tp-49.fi\/wp-content\/uploads\/2021\/09\/10_2-300x212.png 300w\" sizes=\"auto, (max-width: 680px) 100vw, 680px\" \/>\n                      <div class=\"h-image__frame h-hide-lg h-hide-md h-hide-sm style-657-frameImage style-local-1635-c8-frameImage\"><\/div>\n                    <\/div>\n                  <\/div>\n                <\/div>\n                <div data-colibri-id=\"1635-c9\" class=\"h-text h-text-component style-658 style-local-1635-c9 position-relative h-element\">\n                  <!---->\n                  <!---->\n                  <div class=\"\">\n                    <p><strong>Peliaika:<\/strong>&nbsp;2 x 15 min. Jokaiselle joukkueelle tulee 4 peli\u00e4 p\u00e4iv\u00e4n<\/p>\n                    <p>aikana.<\/p>\n                    <p><strong>Turnausmaksu:<\/strong>&nbsp;100 \u20ac, turnausmaksu maksetaan<\/p>\n                    <p>1.5.2019 menness\u00e4.<\/p>\n                    <p><strong>Turnausmaksu maksetaan tilille:&nbsp;<\/strong>TP-49 \/&nbsp;F17 5472 0420 0615 80<\/p>\n                    <p>Ilmoittautuminen 1.5.2019 menness\u00e4 alla oleviin s\u00e4hk\u00f6posteihin tai t\u00e4m\u00e4n sivun ilmoittautumislomakkeella.<\/p>\n                    <p><strong>Palkinnot:<\/strong>&nbsp;Kolmelle parhaalle\/ik\u00e4luokka. Mitalit (12 kpl \/ joukkue)<\/p>\n                    <p>Sarjojen voittajille pokaalit.<\/p>\n                    <p><strong>Pukuhuonetilat kent\u00e4ll\u00e4.<\/strong><\/p>\n                    <p><strong>Kahvio palvelee koko turnauksen ajan.<\/strong><\/p>\n                    <p><strong>Lis\u00e4tiedot ja ilmoittautumiset:<\/strong><\/p>\n                    <p>Antti Vallo 040-5770083&nbsp;P10<\/p>\n                    <p>antti.vallo@pp.inet.fi<\/p>\n                    <p>Uula Sepp\u00e4nen 041-5440727&nbsp;P11<\/p>\n                    <p>uula.seppanen@gmail.com<\/p>\n                    <p>(kyselyt mielell\u00e4\u00e4n s\u00e4hk\u00f6postilla tai soittamalla iltaisin)<\/p>\n                    <p>Tarkempi otteluohjelma ja info l\u00e4hetet\u00e4\u00e4n osallistuville joukkueille kahta viikkoa<\/p>\n                    <p>ennen turnauksen alkua.<\/p>\n                  <\/div>\n                <\/div>\n              <\/div>\n            <\/div>\n          <\/div>\n        <\/div>\n      <\/div>\n      <div data-colibri-id=\"1635-c10\" class=\"h-row-container gutters-row-lg-2 gutters-row-md-2 gutters-row-0 gutters-row-v-lg-2 gutters-row-v-md-2 gutters-row-v-2 style-659 style-local-1635-c10 position-relative\">\n        <!---->\n        <div class=\"h-row justify-content-lg-center justify-content-md-center justify-content-center align-items-lg-stretch align-items-md-stretch align-items-stretch gutters-col-lg-2 gutters-col-md-2 gutters-col-0 gutters-col-v-lg-2 gutters-col-v-md-2 gutters-col-v-2\">\n          <!---->\n          <div class=\"h-column h-column-container d-flex h-col-lg-auto h-col-md-auto h-col-auto style-660-outer style-local-1635-c11-outer\">\n            <div data-colibri-id=\"1635-c11\" class=\"d-flex h-flex-basis h-column__inner h-px-lg-2 h-px-md-2 h-px-2 v-inner-lg-2 v-inner-md-2 v-inner-2 style-660 style-local-1635-c11 position-relative\">\n              <!---->\n              <!---->\n              <div class=\"w-100 h-y-container h-column__content h-column__v-align flex-basis-100 align-self-lg-start align-self-md-start align-self-start\">\n                <!---->\n                <div data-colibri-id=\"1635-c12\" class=\"h-global-transition-all h-heading style-662 style-local-1635-c12 position-relative h-element\">\n                  <!---->\n                  <div class=\"h-heading__outer style-662 style-local-1635-c12\">\n                    <!---->\n                    <!---->\n                    <h3 class=\"\">Ilmoittautuneet joukkueet<\/h3>\n                  <\/div>\n                <\/div>\n                <div data-colibri-id=\"1635-c13\" class=\"h-text h-text-component style-663 style-local-1635-c13 position-relative h-element\">\n                  <!---->\n                  <!---->\n                  <div class=\"\">\n                    <p>P10 SARJA<\/p>\n                    <p>\n                      <br>\n                    <\/p>\n                    <p>1. TP-49<\/p>\n                    <p>2. FC VaPsi<\/p>\n                    <p>3. PJK<\/p>\n                    <p>4. Pyry Nokia<\/p>\n                    <p>5. NoPS<\/p>\n                    <p>6. LeKi-Futis Valkoinen<\/p>\n                    <p>7. ViiPV<\/p>\n                    <p>8. NoPS<\/p>\n                    <p>\n                      <br>\n                    <\/p>\n                    <p>\n                      <br>\n                    <\/p>\n                    <p>P11 SARJA<\/p>\n                    <p>\n                      <br>\n                    <\/p>\n                    <p>1. TP-49<\/p>\n                    <p>2. Apassit<\/p>\n                    <p>3. Yl\u00f6j\u00e4rven Ilves<\/p>\n                    <p>4. PJK<\/p>\n                    <p>5. FC Kangasala Musta<\/p>\n                    <p>6. NoPS<\/p>\n                    <p>7. Ilves Pirkkala<\/p>\n                    <p>8. FC Kangasala Punainen<\/p>\n                  <\/div>\n                <\/div>\n              <\/div>\n            <\/div>\n          <\/div>\n        <\/div>\n      <\/div>\n    <\/div>\n  <\/div>\n<\/div>","protected":false},"excerpt":{"rendered":"<p>J\u00e4rjest\u00e4j\u00e4:&nbsp;Toijalan Pallo \u2010 49, TP \u2013 49 Turnaustoimisto: Toijalan keskusurheilukentt\u00e4, Sontulantie 9 Ajankohta:&nbsp;la 8.6.2019 Paikka: Akaa, Toijalan urheilukentt\u00e4 Pelialusta:&nbsp;Luonnonnurmi Ik\u00e4luokat:&nbsp;P10 ja P11 (max . 8 joukkuetta \/ ik\u00e4ryhm\u00e4) Haastetaso Pelitapa:&nbsp;P10 ja P11: 8v8, pallo 4 K\u00e4yt\u00f6ss\u00e4 paitsioalue. Yli\u2010ik\u00e4isyys piirin s\u00e4\u00e4nt\u00f6jen mukaan. Peliaika:&nbsp;2 x 15 min. Jokaiselle joukkueelle tulee 4 peli\u00e4 p\u00e4iv\u00e4n aikana. Turnausmaksu:&nbsp;100 \u20ac, turnausmaksu [&hellip;]<\/p>\n","protected":false},"author":1,"featured_media":0,"parent":1623,"menu_order":0,"comment_status":"closed","ping_status":"closed","template":"page-templates\/full-width-page.php","meta":{"ngg_post_thumbnail":0,"footnotes":""},"class_list":["post-1635","page","type-page","status-publish","hentry"],"_links":{"self":[{"href":"https:\/\/www.tp-49.fi\/index.php\/wp-json\/wp\/v2\/pages\/1635","targetHints":{"allow":["GET"]}}],"collection":[{"href":"https:\/\/www.tp-49.fi\/index.php\/wp-json\/wp\/v2\/pages"}],"about":[{"href":"https:\/\/www.tp-49.fi\/index.php\/wp-json\/wp\/v2\/types\/page"}],"author":[{"embeddable":true,"href":"https:\/\/www.tp-49.fi\/index.php\/wp-json\/wp\/v2\/users\/1"}],"replies":[{"embeddable":true,"href":"https:\/\/www.tp-49.fi\/index.php\/wp-json\/wp\/v2\/comments?post=1635"}],"version-history":[{"count":4,"href":"https:\/\/www.tp-49.fi\/index.php\/wp-json\/wp\/v2\/pages\/1635\/revisions"}],"predecessor-version":[{"id":3070,"href":"https:\/\/www.tp-49.fi\/index.php\/wp-json\/wp\/v2\/pages\/1635\/revisions\/3070"}],"up":[{"embeddable":true,"href":"https:\/\/www.tp-49.fi\/index.php\/wp-json\/wp\/v2\/pages\/1623"}],"wp:attachment":[{"href":"https:\/\/www.tp-49.fi\/index.php\/wp-json\/wp\/v2\/media?parent=1635"}],"curies":[{"name":"wp","href":"https:\/\/api.w.org\/{rel}","templated":true}]}}