{"id":1121,"date":"2021-09-14T14:52:19","date_gmt":"2021-09-14T11:52:19","guid":{"rendered":"http:\/\/www.tp-49.fi\/?page_id=1121"},"modified":"2021-10-25T14:31:16","modified_gmt":"2021-10-25T11:31:16","slug":"tp-49-kilta","status":"publish","type":"page","link":"https:\/\/www.tp-49.fi\/index.php\/tp-49-kilta\/","title":{"rendered":"TP-49 Kilta"},"content":{"rendered":"<div data-colibri-id=\"1121-c1\" class=\"style-542 style-local-1121-c1 position-relative\">\n  <!---->\n  <div data-colibri-component=\"section\" data-colibri-id=\"1121-c2\" id=\"custom\" class=\"h-section h-section-global-spacing d-flex align-items-lg-center align-items-md-center align-items-center style-543 style-local-1121-c2 position-relative\">\n    <!---->\n    <!---->\n    <div class=\"h-section-grid-container h-section-boxed-container\">\n      <!---->\n      <div data-colibri-id=\"1121-c3\" class=\"h-row-container gutters-row-lg-2 gutters-row-md-2 gutters-row-0 gutters-row-v-lg-2 gutters-row-v-md-2 gutters-row-v-2 style-546 style-local-1121-c3 position-relative\">\n        <!---->\n        <div class=\"h-row justify-content-lg-center justify-content-md-center justify-content-center align-items-lg-stretch align-items-md-stretch align-items-stretch gutters-col-lg-2 gutters-col-md-2 gutters-col-0 gutters-col-v-lg-2 gutters-col-v-md-2 gutters-col-v-2\">\n          <!---->\n          <div class=\"h-column h-column-container d-flex h-col-lg-auto h-col-md-auto h-col-auto style-547-outer style-local-1121-c4-outer\">\n            <div data-colibri-id=\"1121-c4\" class=\"d-flex h-flex-basis h-column__inner h-px-lg-2 h-px-md-2 h-px-2 v-inner-lg-2 v-inner-md-2 v-inner-2 style-547 style-local-1121-c4 position-relative\">\n              <!---->\n              <!---->\n              <div class=\"w-100 h-y-container h-column__content h-column__v-align flex-basis-100 align-self-lg-start align-self-md-start align-self-start\">\n                <!---->\n                <div data-colibri-id=\"1121-c5\" class=\"h-text h-text-component style-548 style-local-1121-c5 position-relative h-element\">\n                  <!---->\n                  <!---->\n                  <div class=\"\">\n                    <h3><strong>Taustaa:<\/strong><\/h3>\n                    <p>Mit\u00e4 enemm\u00e4n ik\u00e4\u00e4 tulee, sit\u00e4 nopeammin vuodet kuluvat, halusimme sit\u00e4 tai emme. Tuntuu kuin aivan \u00e4sken olisimme porukalla miettineet, miten Toijalan Pallo &#8211; 49:n entiset pelurit, yst\u00e4v\u00e4t ja yleisesti Toijalan palloilu- ja kiekkoiluperinteest\u00e4\n                      kiinnostuneet voisivat senioreina kokoontua yhteen, muistelemaan menneit\u00e4, pit\u00e4m\u00e4\u00e4\u00e4n hauskaa, matkustelemaan yhdess\u00e4 ja olemaan jonkinlaisena henkisen\u00e4 ja mahdollisuuksien mukaan taloudellisenakin tukena emoseuralleen.<\/p>\n                    <p>10 vuotta sitten t\u00e4llaisin tavoittein puhallettiin alkuun yhteis\u00f6, jolle annettiin nimeksi TP-49 Kilta. Killan kivijalka on tukevasti Toijalassa, mutta yli puolet j\u00e4senist\u00e4 on muualta Suomesta.<\/p>\n                    <p>Killan puheenjohtaja Tapio Pajuoja<\/p>\n                  <\/div>\n                <\/div>\n              <\/div>\n            <\/div>\n          <\/div>\n        <\/div>\n      <\/div>\n      <div data-colibri-id=\"1121-c6\" class=\"h-row-container gutters-row-lg-2 gutters-row-md-2 gutters-row-0 gutters-row-v-lg-2 gutters-row-v-md-2 gutters-row-v-2 style-544 style-local-1121-c6 position-relative\">\n        <!---->\n        <div class=\"h-row justify-content-lg-center justify-content-md-center justify-content-center align-items-lg-stretch align-items-md-stretch align-items-stretch gutters-col-lg-2 gutters-col-md-2 gutters-col-0 gutters-col-v-lg-2 gutters-col-v-md-2 gutters-col-v-2\">\n          <!---->\n          <div class=\"h-column h-column-container d-flex h-col-lg-auto h-col-md-auto h-col-auto style-545-outer style-local-1121-c7-outer\">\n            <div data-colibri-id=\"1121-c7\" class=\"d-flex h-flex-basis h-column__inner h-ui-empty-state-container h-px-lg-2 h-px-md-2 h-px-2 v-inner-lg-2 v-inner-md-2 v-inner-2 style-545 style-local-1121-c7 position-relative\">\n              <!---->\n              <!---->\n              <div class=\"w-100 h-y-container h-column__content h-column__v-align flex-basis-100\">\n                <!---->\n              <\/div>\n            <\/div>\n          <\/div>\n        <\/div>\n      <\/div>\n    <\/div>\n  <\/div>\n<\/div>","protected":false},"excerpt":{"rendered":"<p>Taustaa: Mit\u00e4 enemm\u00e4n ik\u00e4\u00e4 tulee, sit\u00e4 nopeammin vuodet kuluvat, halusimme sit\u00e4 tai emme. Tuntuu kuin aivan \u00e4sken olisimme porukalla miettineet, miten Toijalan Pallo &#8211; 49:n entiset pelurit, yst\u00e4v\u00e4t ja yleisesti Toijalan palloilu- ja kiekkoiluperinteest\u00e4 kiinnostuneet voisivat senioreina kokoontua yhteen, muistelemaan menneit\u00e4, pit\u00e4m\u00e4\u00e4\u00e4n hauskaa, matkustelemaan yhdess\u00e4 ja olemaan jonkinlaisena henkisen\u00e4 ja mahdollisuuksien mukaan taloudellisenakin tukena emoseuralleen. [&hellip;]<\/p>\n","protected":false},"author":1,"featured_media":0,"parent":0,"menu_order":0,"comment_status":"closed","ping_status":"closed","template":"page-templates\/full-width-page.php","meta":{"ngg_post_thumbnail":0,"footnotes":""},"class_list":["post-1121","page","type-page","status-publish","hentry"],"_links":{"self":[{"href":"https:\/\/www.tp-49.fi\/index.php\/wp-json\/wp\/v2\/pages\/1121","targetHints":{"allow":["GET"]}}],"collection":[{"href":"https:\/\/www.tp-49.fi\/index.php\/wp-json\/wp\/v2\/pages"}],"about":[{"href":"https:\/\/www.tp-49.fi\/index.php\/wp-json\/wp\/v2\/types\/page"}],"author":[{"embeddable":true,"href":"https:\/\/www.tp-49.fi\/index.php\/wp-json\/wp\/v2\/users\/1"}],"replies":[{"embeddable":true,"href":"https:\/\/www.tp-49.fi\/index.php\/wp-json\/wp\/v2\/comments?post=1121"}],"version-history":[{"count":11,"href":"https:\/\/www.tp-49.fi\/index.php\/wp-json\/wp\/v2\/pages\/1121\/revisions"}],"predecessor-version":[{"id":3274,"href":"https:\/\/www.tp-49.fi\/index.php\/wp-json\/wp\/v2\/pages\/1121\/revisions\/3274"}],"wp:attachment":[{"href":"https:\/\/www.tp-49.fi\/index.php\/wp-json\/wp\/v2\/media?parent=1121"}],"curies":[{"name":"wp","href":"https:\/\/api.w.org\/{rel}","templated":true}]}}